{"id":2060,"date":"2019-07-19T02:32:50","date_gmt":"2019-07-19T02:32:50","guid":{"rendered":"https:\/\/store.evashair.ch\/?page_id=2060"},"modified":"2026-01-27T15:04:52","modified_gmt":"2026-01-27T15:04:52","slug":"datenschutzerklarung","status":"publish","type":"page","link":"https:\/\/evasinjectmachine.com\/de\/datenschutzerklarung\/","title":{"rendered":"Datenschutzerkl\u00e4rung"},"content":{"rendered":"<div data-elementor-type=\"wp-post\" data-elementor-id=\"2060\" class=\"elementor elementor-2060\" data-elementor-post-type=\"page\">\n\t\t\t\t\t\t<section class=\"elementor-section elementor-top-section elementor-element elementor-element-7f9e8695 elementor-section-boxed elementor-section-height-default elementor-section-height-default\" data-id=\"7f9e8695\" data-element_type=\"section\" data-e-type=\"section\">\n\t\t\t\t\t\t<div class=\"elementor-container elementor-column-gap-default\">\n\t\t\t\t\t<div class=\"elementor-column elementor-col-100 elementor-top-column elementor-element elementor-element-36d2a455\" data-id=\"36d2a455\" data-element_type=\"column\" data-e-type=\"column\">\n\t\t\t<div class=\"elementor-widget-wrap elementor-element-populated\">\n\t\t\t\t\t\t<div class=\"elementor-element elementor-element-54c62722 elementor-widget elementor-widget-text-editor\" data-id=\"54c62722\" data-element_type=\"widget\" data-e-type=\"widget\" data-widget_type=\"text-editor.default\">\n\t\t\t\t<div class=\"elementor-widget-container\">\n\t\t\t\t\t\t\t\t\t<h3><strong>Datenschutzerkl\u00e4rung<\/strong><\/h3>\n<p><strong>Verantwortliche Stelle im Sinne der Datenschutzgesetze, insbesondere der EU-Datenschutzgrundverordnung (DSGVO), ist:<\/strong> Eva Spiess Inject, Marcel Spiess, Weekendweg 30e, 3646 Einigen. E-Mail: evainject@bluewin.ch Website: <span tabindex=\"0\" role=\"button\" data-url=\"https:\/\/www.evasinjectmachine.com\" aria-label=\"www.evasinjectmachine.com, dies f\u00fchrt Sie zu www.evasinjectmachine.com\">www.evasinjectmachine.com<\/span><\/p>\n<div>\u00a0<\/div>\n<h3><strong>Allgemeiner Hinweis<\/strong><\/h3>\n<p>Gest\u00fctzt auf Artikel 13 der schweizerischen Bundesverfassung und die datenschutzrechtlichen Bestimmungen des Bundes (Datenschutzgesetz, DSG) hat jede Person Anspruch auf Schutz ihrer Privatsph\u00e4re sowie auf Schutz vor Missbrauch ihrer pers\u00f6nlichen Daten. Die Betreiber dieser Seiten nehmen den Schutz Ihrer pers\u00f6nlichen Daten sehr ernst. Wir behandeln Ihre personenbezogenen Daten vertraulich und entsprechend der gesetzlichen Datenschutzvorschriften sowie dieser Datenschutzerkl\u00e4rung. In Zusammenarbeit mit unseren Hosting-Providern bem\u00fchen wir uns, die Datenbanken so gut wie m\u00f6glich vor fremden Zugriffen, Verlusten, Missbrauch oder vor F\u00e4lschung zu sch\u00fctzen.<\/p>\n<p>Wir haben erkannt, dass die Daten\u00fcbertragung im Internet (z.B. bei der Kommunikation per E-Mail) Sicherheitsl\u00fccken aufweisen kann. Es besteht kein Grund zur Sorge \u00fcber die Kosten der Daten f\u00fcr die Zwecke der Website. Mit der Einf\u00fchrung dieser Website k\u00f6nnen Sie sich in Zukunft \u00fcber die Arbeit, die Arbeit und die Einf\u00fchrung von Daten informieren. Diese Website kann zu Registrierungszwecken genutzt werden. Daten wie beispielsweise aufgerufene Seiten bzw. Namen der abgerufenen Datei, Datum und Uhrzeit zu statistischen Zwecken auf dem Server gespeichert werden, ohne dass diese Daten unmittelbar auf Ihre Person bezogen werden.<\/p>\n<p>Personenbezogene Daten, insbesondere Name, Adresse oder E-Mail-Adresse werden soweit m\u00f6glich auf freiwilliger Basis erhoben. Bitte beachten Sie, dass Ihre Angaben im Detail ausgewertet werden.<\/p>\n<div>\u00a0<\/div>\n<h3><strong>Bearbeitung von Personendaten<\/strong><\/h3>\n<p>Personendaten sind alle Angaben, die sich auf eine bestimmte oder bestimmbare Person beziehen. Eine betroffene Person ist eine Person, die \u00fcber die Personendaten bearbeitet wird. Bearbeiten umfasst jeden Umgang mit Personendaten, unabh\u00e4ngig von den angewandten Mitteln und Verfahren, insbesondere das Aufbewahren, Bekanntgeben, Beschaffen, L\u00f6schen, Speichern, Ver\u00e4ndern, Vernichten und Verwenden von Personendaten.<\/p>\n<p>Wir bearbeiten Personendaten im Einklang mit dem schweizerischen Datenschutzrecht. Im \u00dcbrigen bearbeiten wir - soweit und sofern die EU-DSGVO anwendbar ist - Personendaten gem\u00e4ss folgenden Rechtsgrundlagen im Zusammenhang mit Art. 6 Abs. 1 DSGVO: a) Einwilligung der betroffenen Person. b) Erf\u00fcllung eines Vertrages oder vorvertraglicher Ma\u00dfnahmen. c) Erf\u00fcllung einer rechtlichen Verpflichtung. d) Schutz lebenswichtiger Interessen. f) Wahrung berechtigter Interessen, insbesondere betriebswirtschaftliche Interessen, Bereitstellung der Website, Informationssicherheit, Durchsetzung rechtlicher Anspr\u00fcche und Einhaltung schweizerischen Rechts.<\/p>\n<p>Wir tragen Personendaten f\u00fcr jene Dauer, die f\u00fcr den jeweiligen Zweck erforderlich ist. Bei l\u00e4nger dauernden Aufbewahrungspflichten schr\u00e4nken wir die Bearbeitung entsprechend ein.<\/p>\n<div>\u00a0<\/div>\n<h3><strong>Cookies<\/strong><\/h3>\n<p>Diese Website enth\u00e4lt Cookies, die zur Analyse von Informationen verwendet werden k\u00f6nnen. Cookies erm\u00f6glichen es, den Inhalt und die Inhalte der Website zu analysieren und den Inhalt der Website zu verwalten. Cookies k\u00f6nnen am Ende einer Browsersitzung verwendet werden und k\u00f6nnen auf unterschiedliche Weise genutzt werden. Wenn Sie diese Informationen nicht haben, k\u00f6nnen Sie Ihren Browser verwenden, um Cookies zu l\u00f6schen.<\/p>\n<p>Eine ausf\u00fchrliche Diskussion \u00fcber Online-Marketing-Cookies finden Sie unten <span tabindex=\"0\" role=\"button\" data-url=\"https:\/\/www.aboutads.info\/choices\" aria-label=\"www.aboutads.info\/choices, dies f\u00fchrt Sie zu www.aboutads.info\">www.aboutads.info\/choices <\/span> oder <span tabindex=\"0\" role=\"button\" data-url=\"https:\/\/www.youronlinechoices.com\" aria-label=\"www.youronlinechoices.com, dies f\u00fchrt Sie zu www.youronlinechoices.com\">www.youronlinechoices.com <\/span> erkl\u00e4rt werden. Die Verwendung von Cookies kann auch von bestimmten Browsern zugelassen werden; dabei kann es jedoch sein, dass die Funktionalit\u00e4t der Website nicht ver\u00e4ndert werden kann.<\/p>\n<div>\u00a0<\/div>\n<h3><strong>SSL-\/TLS-Verschl\u00fcsselung<\/strong><\/h3>\n<p>Diese Website verf\u00fcgt \u00fcber eine SSL-\/TLS-Verschl\u00fcsselung mit einer wortw\u00f6rtlichen Lizenz. In diesem Fall sehen Sie \"https:\/\/\" und das Schloss-Symbol im Browser. Wenn die Verschl\u00fcsselung aktiviert ist, k\u00f6nnen \u00fcbermittelte Daten nicht von Dritten mitgelesen werden.<\/p>\n<div>\u00a0<\/div>\n<h3><strong>Server-Protokolldateien<\/strong><\/h3>\n<p>Der Provider dieser Website erhebt automatisch Informationen wie Browsertyp, Betriebssystem, Referrer URL, Hostname des zugreifenden Rechners und Uhrzeit der Serveranfrage. Diese Daten sind nicht personenbezogen und werden nicht mit anderen Daten zusammengef\u00fchrt. Dies ist eine nachtr\u00e4gliche Pr\u00fcfung bleibt vorbehalten, wenn konkrete Anhaltspunkte f\u00fcr eine rechtswidrige Nutzung vorliegen.<\/p>\n<div>\u00a0<\/div>\n<h3><strong>Kontaktformular<\/strong><\/h3>\n<p>Wenn Sie uns eine Kontaktformular-Anfrage schicken, k\u00f6nnen Sie diese Informationen f\u00fcr Ihre Arbeit und f\u00fcr Ihre Recherche nutzen. Dieser Newsletter enth\u00e4lt keine Informationen.<\/p>\n<div>\u00a0<\/div>\n<h3><strong>Newsletter-Daten<\/strong><\/h3>\n<p>F\u00fcr den Newsletter senden Sie uns bitte Ihre E-Mail Adresse und eine Newsletter Adresse. Die Termine werden Ihnen im Voraus und nicht im Voraus zugesandt. Die Einwilligung kann jederzeit \u00fcber den \"Austragen\"-Link widerrufen werden.<\/p>\n<div>\u00a0<\/div>\n<h3><strong>Kommentarfunktion<\/strong><\/h3>\n<p>Im Rahmen des Kommentarbereichs m\u00f6chten wir Sie \u00fcber den Kommentar, die Adresse, die E-Mail-Adresse und so weiter informieren. Die IP-Adresse wird in der Regel verwendet werden, sowie alle anderen Informationen.<\/p>\n<p>Bitte teilen Sie uns Ihre Kommentare mit und senden Sie uns eine E-Mail mit den besten W\u00fcnschen. Die Stornierung kann nun \u00fcber einen Link vorgenommen werden.<\/p>\n<div>\u00a0<\/div>\n<h3><strong>Recht auf Auskunft, L\u00f6schung, Sperrung<\/strong><\/h3>\n<p>Sie haben ein Recht auf ununterbrochenen Zugang zu Ihrer personalisierten, personalisierten Arbeit und zum Erbe, zur Besch\u00e4ftigung und zum Arbeitsumfeld. Dies bedeutet, dass Sie ein Recht auf eine Berichtigung, Sperrung oder L\u00f6schung haben.<\/p>\n<div>\u00a0<\/div>\n<h3><strong>Kosten f\u00fcr die Anmietung von Dienstleistungen<\/strong><\/h3>\n<p>Um diese Anforderungen zu erf\u00fcllen, werden die folgenden Daten verwendet: Zahlungsangaben erhoben und bis zum Ablauf gesetzlicher Aufbewahrungsfristen gespeichert.<\/p>\n<div>\u00a0<\/div>\n<h3><strong>Google AdWords<\/strong><\/h3>\n<p>Diese Website hat Google Conversion-Tracking. Wenn Sie eine Google-Anzeige auf Ihrer Website haben, wird ein Cookie generiert, das nach 30 Tagen ge\u00f6ffnet wird und keine pers\u00f6nliche Identit\u00e4t hat. Conversion-Cookies erm\u00f6glichen die Erstellung von anonymen Statistiken. Wenn Sie Ihre Daten nicht tracken wollen, k\u00f6nnen Sie Cookies blockieren.<\/p>\n<div>\u00a0<\/div>\n<h3><strong>Facebook, Twitter, Instagram, YouTube<\/strong><\/h3>\n<p>Diese Website enth\u00e4lt Plugins f\u00fcr die Allgemeinheit. Beim Besuch werden Daten an die jeweiligen Anbieter \u00fcbertragen und ggf. Ihrem Konto zugeordnet. Ihrem Konto zugeordnet. Sie finden alle Informationen in den Schmuckkatalogen.<\/p>\n<div>\u00a0<\/div>\n<h3><strong>Bestellabwicklung im Online-Shop<\/strong><\/h3>\n<p>Wir arbeiten mit DSG und DSGVO f\u00fcr die Umsetzung von Bestellungen, Zahlungen, Auslieferungen und Kundenservice. Nutzer k\u00f6nnen ein Konto anlegen; Daten werden gem\u00e4\u00df gesetzlicher Vorgaben gespeichert und gel\u00f6scht.<\/p>\n<div>\u00a0<\/div>\n<h3><strong>Urheberrechte<\/strong><\/h3>\n<p>Alle Inhalte der Website unterliegen dem Urheberrecht. Eine Nussschale oder eine schriftliche Zustimmung ist untersagt.<\/p>\n<div>\u00a0<\/div>\n<h3><strong>Haftungsausschluss<\/strong><\/h3>\n<p>Wir werden Ihnen korrekte und detaillierte Informationen zur Verf\u00fcgung stellen und Ihnen eine Garantie f\u00fcr Ihr Einkommen geben. Haftungsanspr\u00fcche sind ausgeschlossen, sofern kein vors\u00e4tzliches oder grobfahrl\u00e4ssiges Verschulden vorliegt. Inhalte externer Links sind ausschliesslich deren Betreiber verantwortlich.<\/p>\n<div>\u00a0<\/div>\n<h3><strong>\u00c4nderungen<\/strong><\/h3>\n<p>Wir k\u00f6nnen diese Daten noch lange weitergeben. Dies ist die einzige aktuelle Version auf der Website.<\/p>\n<div>\u00a0<\/div>\n<h3><strong>Fragen zu den Datenschutzbeauftragten<\/strong><\/h3>\n<p>Bei Fragen wenden Sie sich bitte an die eingangs genannte verantwortliche Person.<\/p>\n<div>\u00a0<\/div>\n<p><strong>Einigen, Januar 2026<\/strong> Quelle: SwissAnwalt<\/p>\t\t\t\t\t\t\t\t<\/div>\n\t\t\t\t<\/div>\n\t\t\t\t\t<\/div>\n\t\t<\/div>\n\t\t\t\t\t<\/div>\n\t\t<\/section>\n\t\t\t\t<\/div>","protected":false},"excerpt":{"rendered":"<p>Datenschutzerkl\u00e4rung Verantwortliche Stelle im Sinne der Datenschutzgesetze, insbesondere der EU-Datenschutzgrundverordnung (DSGVO), ist: Eva Spiess Inject, Marcel Spiess, Weekendweg 30e, 3646 Einigen. E-Mail: evainject@bluewin.ch Website: www.evasinjectmachine.com Allgemeiner Hinweis Gest\u00fctzt auf Artikel 13 der schweizerischen Bundesverfassung und die datenschutzrechtlichen Bestimmungen des Bundes (Datenschutzgesetz, DSG) hat jede Person Anspruch auf Schutz ihrer Privatsph\u00e4re sowie auf Schutz vor [...]...<\/p>","protected":false},"author":1445,"featured_media":0,"parent":0,"menu_order":0,"comment_status":"closed","ping_status":"closed","template":"elementor_header_footer","meta":{"_acf_changed":false,"_uag_custom_page_level_css":"","site-sidebar-layout":"default","site-content-layout":"","ast-site-content-layout":"default","site-content-style":"default","site-sidebar-style":"default","ast-global-header-display":"","ast-banner-title-visibility":"","ast-main-header-display":"","ast-hfb-above-header-display":"","ast-hfb-below-header-display":"","ast-hfb-mobile-header-display":"","site-post-title":"","ast-breadcrumbs-content":"","ast-featured-img":"","footer-sml-layout":"","ast-disable-related-posts":"","theme-transparent-header-meta":"","adv-header-id-meta":"","stick-header-meta":"","header-above-stick-meta":"","header-main-stick-meta":"","header-below-stick-meta":"","astra-migrate-meta-layouts":"default","ast-page-background-enabled":"default","ast-page-background-meta":{"desktop":{"background-color":"var(--ast-global-color-4)","background-image":"","background-repeat":"repeat","background-position":"center center","background-size":"auto","background-attachment":"scroll","background-type":"","background-media":"","overlay-type":"","overlay-color":"","overlay-opacity":"","overlay-gradient":""},"tablet":{"background-color":"","background-image":"","background-repeat":"repeat","background-position":"center center","background-size":"auto","background-attachment":"scroll","background-type":"","background-media":"","overlay-type":"","overlay-color":"","overlay-opacity":"","overlay-gradient":""},"mobile":{"background-color":"","background-image":"","background-repeat":"repeat","background-position":"center center","background-size":"auto","background-attachment":"scroll","background-type":"","background-media":"","overlay-type":"","overlay-color":"","overlay-opacity":"","overlay-gradient":""}},"ast-content-background-meta":{"desktop":{"background-color":"var(--ast-global-color-5)","background-image":"","background-repeat":"repeat","background-position":"center center","background-size":"auto","background-attachment":"scroll","background-type":"","background-media":"","overlay-type":"","overlay-color":"","overlay-opacity":"","overlay-gradient":""},"tablet":{"background-color":"var(--ast-global-color-5)","background-image":"","background-repeat":"repeat","background-position":"center center","background-size":"auto","background-attachment":"scroll","background-type":"","background-media":"","overlay-type":"","overlay-color":"","overlay-opacity":"","overlay-gradient":""},"mobile":{"background-color":"var(--ast-global-color-5)","background-image":"","background-repeat":"repeat","background-position":"center center","background-size":"auto","background-attachment":"scroll","background-type":"","background-media":"","overlay-type":"","overlay-color":"","overlay-opacity":"","overlay-gradient":""}},"footnotes":""},"class_list":["post-2060","page","type-page","status-publish","hentry"],"acf":[],"uagb_featured_image_src":{"full":false,"thumbnail":false,"medium":false,"medium_large":false,"large":false,"1536x1536":false,"2048x2048":false,"trp-custom-language-flag":false,"ld-medium":false,"woocommerce_thumbnail":false,"woocommerce_single":false,"woocommerce_gallery_thumbnail":false},"uagb_author_info":{"display_name":"Rafael Dumas","author_link":"https:\/\/evasinjectmachine.com\/de\/author\/rafaadmin\/"},"uagb_comment_info":0,"uagb_excerpt":"Datenschutzerkl\u00e4rung Verantwortliche Stelle im Sinne der Datenschutzgesetze, insbesondere der EU\u2011Datenschutzgrundverordnung (DSGVO), ist: Eva Spiess Inject, Marcel Spiess, Weekendweg 30e, 3646 Einigen. E\u2011Mail: evainject@bluewin.ch Website: www.evasinjectmachine.com \u00a0 Allgemeiner Hinweis Gest\u00fctzt auf Artikel 13 der schweizerischen Bundesverfassung und die datenschutzrechtlichen Bestimmungen des Bundes (Datenschutzgesetz, DSG) hat jede Person Anspruch auf Schutz ihrer Privatsph\u00e4re sowie auf Schutz vor&hellip;","jetpack_sharing_enabled":true,"_links":{"self":[{"href":"https:\/\/evasinjectmachine.com\/de\/wp-json\/wp\/v2\/pages\/2060","targetHints":{"allow":["GET"]}}],"collection":[{"href":"https:\/\/evasinjectmachine.com\/de\/wp-json\/wp\/v2\/pages"}],"about":[{"href":"https:\/\/evasinjectmachine.com\/de\/wp-json\/wp\/v2\/types\/page"}],"author":[{"embeddable":true,"href":"https:\/\/evasinjectmachine.com\/de\/wp-json\/wp\/v2\/users\/1445"}],"replies":[{"embeddable":true,"href":"https:\/\/evasinjectmachine.com\/de\/wp-json\/wp\/v2\/comments?post=2060"}],"version-history":[{"count":6,"href":"https:\/\/evasinjectmachine.com\/de\/wp-json\/wp\/v2\/pages\/2060\/revisions"}],"predecessor-version":[{"id":32625,"href":"https:\/\/evasinjectmachine.com\/de\/wp-json\/wp\/v2\/pages\/2060\/revisions\/32625"}],"wp:attachment":[{"href":"https:\/\/evasinjectmachine.com\/de\/wp-json\/wp\/v2\/media?parent=2060"}],"curies":[{"name":"wp","href":"https:\/\/api.w.org\/{rel}","templated":true}]}}