{"id":2064,"date":"2019-07-19T02:38:23","date_gmt":"2019-07-19T02:38:23","guid":{"rendered":"https:\/\/store.evashair.ch\/?page_id=2064"},"modified":"2026-01-27T14:34:09","modified_gmt":"2026-01-27T14:34:09","slug":"geschaftsbedingungen","status":"publish","type":"page","link":"https:\/\/evasinjectmachine.com\/de\/geschaftsbedingungen\/","title":{"rendered":"Gesch\u00e4ftsbedingungen"},"content":{"rendered":"<div data-elementor-type=\"wp-post\" data-elementor-id=\"2064\" class=\"elementor elementor-2064\" data-elementor-post-type=\"page\">\n\t\t\t\t\t\t<section class=\"elementor-section elementor-top-section elementor-element elementor-element-107b3cfc elementor-section-boxed elementor-section-height-default elementor-section-height-default\" data-id=\"107b3cfc\" data-element_type=\"section\" data-e-type=\"section\">\n\t\t\t\t\t\t<div class=\"elementor-container elementor-column-gap-default\">\n\t\t\t\t\t<div class=\"elementor-column elementor-col-100 elementor-top-column elementor-element elementor-element-5c5fc4c\" data-id=\"5c5fc4c\" data-element_type=\"column\" data-e-type=\"column\">\n\t\t\t<div class=\"elementor-widget-wrap elementor-element-populated\">\n\t\t\t\t\t\t<div class=\"elementor-element elementor-element-b7a7baf elementor-widget elementor-widget-text-editor\" data-id=\"b7a7baf\" data-element_type=\"widget\" data-e-type=\"widget\" data-widget_type=\"text-editor.default\">\n\t\t\t\t<div class=\"elementor-widget-container\">\n\t\t\t\t\t\t\t\t\t<h2><strong>Allgemeine Gesch\u00e4ftsbedingungen (AGB) von Eva Spiess Inject<\/strong><\/h2>\n<h3><strong>Geltungsbereich<\/strong><\/h3>\n<p>F\u00fcr die Nutzung dieser Webseite sowie die Gesch\u00e4ftsbeziehungen zwischen Eva Spiess Inject (im Folgenden \"Eva Spiess Inject\" genannt), Weekendweg 30e, 3646 Einigen, Schweiz, und ihren Kunden gelten die nachfolgenden Allgemeinen Gesch\u00e4ftsbedingungen (AGB) in der bei Aufruf der Webseite bzw. bei Warenbestellung aktuell abrufbaren und g\u00fcltigen Fassung.<\/p>\n<p>In diesem Fall wird eine nat\u00fcrliche und juristische Person geboren, die mit Eva Spiess Injection in der Lage sein wird, ihre Verpflichtungen zu erf\u00fcllen. Die AGB, die Liefer- und Zahlungsbedingungen sowie die Datenschutzbestimmungen k\u00f6nnen von Zeit zu Zeit Anpassungen erfahren. Eva Spiess Inject bittet, diese Bestimmungen bei jedem Besuch der Webseite und bei jeder Warenbestellung aufmerksam durchzulesen.<\/p>\n<p>Diese AGB gelten ausschliesslich. Entgegenstehende, erg\u00e4nzende oder von diesen AGB abweichende Bedingungen bed\u00fcrfen zu ihrer Geltung der ausdr\u00fccklichen schriftlichen Best\u00e4tigung durch Eva Spiess Inject. Der Kunde best\u00e4tigt bei der Nutzung dieser Webseite bzw. bei einer Warenbestellung diese AGB einschliesslich Liefer- und Zahlungsbedingungen umfassend anzuerkennen.<\/p>\n<p>Sollten sich einzelne Bestimmungen dieser AGB als unwirksam oder undurchf\u00fchrbar erweisen oder unwirksam oder undurchf\u00fchrbar werden, so bleibt dadruch die Wirksamkeit der \u00fcbrigen Bestimmungen unber\u00fchrt.<\/p>\n<p>Der Betreiber dieses Internetauftritts ist Eva Spiess Inject (\u2192 Link Impressum).<\/p>\n<div>\u00a0<\/div>\n<h2><strong>Informationen auf dieser Website<\/strong><\/h2>\n<p>Eva Spiess Inject bietet Informationen zu Produkten und Lizenzen. Preise und technische Informationen sind verf\u00fcgbar. Bitte kontaktieren Sie <span tabindex=\"0\" role=\"button\" data-url=\"https:\/\/www.evasinjectmachine.com\" aria-label=\"www.evasinjectmachine.com, dies f\u00fchrt Sie zu www.evasinjectmachine.com\">www.evasinjectmachine.com <\/span> (Produktbeschreibungen, Abbildungen, Filme, Masse, Gewichte, technische Spezifikationen, Zubeh\u00f6rbeziehungen und sonstige Angaben) sind nur als N\u00e4herungswerte zu verstehen und stellen insbesondere keine Zusicherung von Eigenschaften oder Garantien dar, au\u00dfer es ist explizit anders vermerkt.<\/p>\n<p>Eva Spiess Inject stellt Ihnen auf dieser Website die bestm\u00f6glichen Informationen zur Verf\u00fcgung, damit Sie auch in Zukunft mehr \u00fcber Eva Spiess Inject lesen k\u00f6nnen.<\/p>\n<p>S\u00e4mtliche Angebote auf dieser Webseite gelten als freibleibend und sind nicht als verbindliche Angebote zu verstehen.<\/p>\n<p>Eva Spiess Inject kann eine Garantie daf\u00fcr geben, dass die Produkte in der bestm\u00f6glichen Art und Weise verwendet werden. Dies bedeutet, dass die Produkte der Verf\u00fcgbarkeit und den Lieferzeiten bzw. der Gew\u00e4hrleistung unterliegen und dass sie f\u00fcr jeden anderen Zweck verwendet werden k\u00f6nnen.<\/p>\n<div>\u00a0<\/div>\n<h2><strong>Preise<\/strong><\/h2>\n<p>Die Preise von Eva Spiess Inject sind noch nicht endg\u00fcltig festgelegt. Die Preise verstehen sich rein netto in Schweizer Franken (CHF).<\/p>\n<p>Alle in Frage kommenden Kosten sind, soweit nicht anders vorgesehen, zus\u00e4tzlich zu erstatten und von den Kunden zu tragen. Versandkosten werden im Bestellprozess separat ausgewiesen.<\/p>\n<p>Technische \u00c4nderungen, Irrt\u00fcmer und Druckfehler bleiben vorbehalten, insbesondere kann Eva Spiess Inject Preis\u00e4nderungen jederzeit und ohne Vorank\u00fcndigungen vornehmen. In den Verkaufspreisen sind keine Beratungs- und Supportdienstleistungen inbegriffen.<\/p>\n<div>\u00a0<\/div>\n<h2><strong>Vertragsabschluss<\/strong><\/h2>\n<p>Die Angebote auf dieser Webseite stellen eine unverbindliche Aufforderung an den Kunden dar, Produkte und\/oder Dienstleistungen zu bestellen. Die Bestellung auf dieser Webseite, einschlie\u00dflich der Annahme dieser AGB, stellt dem Kunden ein rechtlich verbindliches Angebot zum Vertragsabschluss ab.<\/p>\n<p>Eva Spiess Inject wird Ihnen eine automatische Bestellbest\u00e4tigung per E-Mail zusenden, die am besten mit den Hintergrundinformationen erfolgt. Get\u00e4tigte Bestellungen sind f\u00fcr den Kunden verbindlich. Sollte dies nicht der Fall sein, beachten Sie bitte das R\u00fcckgabe- bzw. R\u00fccktrittsrecht.<\/p>\n<p>Der Vertrag kommt zustande, sobald Eva Spiess Inject eine Annahmeerkl\u00e4rung per E-Mail versendet, worin der Versand der bestellten Produkte oder Dienstleistungen best\u00e4tigt wird.<\/p>\n<p>Bestellungen werden erst nach vollst\u00e4ndigem Zahlungseingang (Ausnahme: Lieferung gegen Rechnung) und sofern die Waren verf\u00fcgbar sind, ausgeliefert. Ergibt sich nach Abschluss des Vertrages, dass die bestellten Waren nicht oder nicht vollst\u00e4ndig geliefert werden k\u00f6nnen, ist Eva Spiess Inject berechtigt, vom gesamten Vertrag oder von einem Vertragsteil zur\u00fcckzutreten. Dies w\u00fcrde bedeuten, dass die Injektion sicher w\u00e4re. Keine Ersatzlieferungspflicht.<\/p>\n<div>\u00a0<\/div>\n<h2><strong>Zahlungsm\u00f6glichkeiten und Eigentumsvorbehalt<\/strong><\/h2>\n<p>Dem Kunden stehen die im Bestellvorgang angegebenen Zahlungsm\u00f6glichkeiten zur Verf\u00fcgung. Eva Spiess Inject wird in der Lage sein, die Vorteile der Injektion aus den Gr\u00fcnden einer anderen Heizungsart oder eines anderen Heizungssystems zu erkennen.<\/p>\n<p>Bei Zahlungsverzug k\u00f6nnen Verzugszinsen von 5% pro Jahr sowie Mahngeb\u00fchren von maximal CHF 20.- pro Mahnung erhoben werden.<\/p>\n<p>Die gelieferten Produkte bleiben bis zur vollst\u00e4ndigen Bezahlung im Eigentum von Eva Spiess Inject.<\/p>\n<div>\u00a0<\/div>\n<h2><strong>Lieferung, Pr\u00fcfpflicht, M\u00e4ngelr\u00fcge und R\u00fccksendung<\/strong><\/h2>\n<p>Die Lieferungen erfolgen per Post oder Kurierdienst an die vom Kunden angegebene Adresse. Die Lieferzeit betr\u00e4gt im Allgemeinen 5 Arbeitstage, sofern beim Produkt nicht anders vermerkt.<\/p>\n<p>Auf dem Heimweg finden Sie Nutzen und Gefahr auf dem Boden, sowie eine gro\u00dfe Anzahl anderer Gegenst\u00e4nde.<\/p>\n<p>Wenn die Lieferung nicht fair ist oder die Post nicht korrekt ist, kann Eva Spiess das Paket in einer E-Mail und Faxnachricht einspeisen.<\/p>\n<p>Der Kunde ist verpflichtet, die gelieferten Waren sofort zu pr\u00fcfen und allf\u00e4llige M\u00e4ngel unverz\u00fcglich schriftlich zu melden.<\/p>\n<p>R\u00fccksendungen erfolgen auf Rechnung und Gefahr des Kunden. Die Waren m\u00fcssen originalverpackt, vollst\u00e4ndig und mit Lieferschein sowie Fehlerbeschreibung an die R\u00fccksendeadresse gesendet werden.<\/p>\n<p>Wenn der Preis nicht eingehalten wird oder der Artikel nicht unter die Garantie f\u00e4llt, m\u00fcssen Sie unter Umst\u00e4nden f\u00fcr den Ersatz, den Austausch oder die Wiederbeschaffung aufkommen.<\/p>\n<div>\u00a0<\/div>\n<h2><strong>Widerrufsrecht<\/strong><\/h2>\n<p>Der Kunde hat w\u00e4hrend 10 Kalendertagen nach Erhalt der Ware ein Widerrufsrecht. Der Widerruf muss schriftlich per E-Mail oder Brief innerhalb der Frist erfolgen. Eine Begr\u00fcndung ist nicht erforderlich.<\/p>\n<p>Die Ware muss innerhalb von 10 Tagen originalverpackt, vollst\u00e4ndig und mit Lieferschein zur\u00fcckgesendet werden. R\u00fccksendungen erfolgen auf Rechnung und Gefahr des Kunden.<\/p>\n<p>Das bedeutet, dass bis zu 20 Schilder aufgestockt werden, damit die Ger\u00e4te entfernt oder ersetzt werden k\u00f6nnen.<\/p>\n<p>Eva Spiess Inject kann \u00e4hnlich wie eine Injektion verwendet werden.<\/p>\n<p>Kein Widerrufsrecht bei:<\/p>\n<ol start=\"1\">\n<li>\n<p>Preisabh\u00e4ngigkeit von Marktschwankungen<\/p>\n<\/li>\n<li>\n<p>Waren, die nicht r\u00fccksendbar sind<\/p>\n<\/li>\n<li>\n<p>Waren nach Kundenspezifikation<\/p>\n<\/li>\n<li>\n<p>Dienstleistungen, die mit Zustimmung vor Ablauf der Frist vollst\u00e4ndig erbracht wurden<\/p>\n<\/li>\n<\/ol>\n<div>\u00a0<\/div>\n<h2><strong>Gew\u00e4hrleistung<\/strong><\/h2>\n<p>Eva Spiess Inject liefert Waren in einwandfreier Qualit\u00e4t. Bei rechtzeitig gemeldeten M\u00e4ngeln besteht eine zweij\u00e4hrige Gew\u00e4hrleistungsfrist ab Lieferdatum. Die Gew\u00e4hrleistung erfolgt nach Wahl von Eva Spiess Inject durch Reparatur, Ersatz oder R\u00fcckerstattung.<\/p>\n<p>Dazu geh\u00f6ren jedoch nicht die normale Ern\u00e4hrung, unbefriedigendes Verhalten, Stress oder andere Auswirkungen sowie Verbrauchs- und Verschleissteile.<\/p>\n<div>\u00a0<\/div>\n<h2><strong>Haftung<\/strong><\/h2>\n<p>Eva Spiess Inject ist eine hervorragende L\u00f6sung f\u00fcr direkte oder indirekte Sch\u00e4den, Mangelfolgesch\u00e4den, entgangenen Gewinn oder sonstige Personen-, Sach- oder Verm\u00f6genssch\u00e4den. Vorbehalte bleiben zwingendes Recht, insbesondere bei grober Fahrl\u00e4ssigkeit oder Vorsatz.<\/p>\n<p>Hyperlinks sind lediglich der vereinfachten Navigation dienlich. F\u00fcr Inhalte verlinkter Seiten wird keine Haftung \u00fcbernommen.<\/p>\n<div>\u00a0<\/div>\n<h2><strong>Datenschutz<\/strong><\/h2>\n<p>Eva Spiess Inject stellt Ihnen die f\u00fcr Ihren Transport und Ihr Marketing notwendigen Daten zur Verf\u00fcgung. Daten k\u00f6nnen an Dienstleistungspartner weitergegeben werden.<\/p>\n<p>Weitere Datenschutzbestimmungen sind unter \"Datenschutz\" abrufbar.<\/p>\n<div>\u00a0<\/div>\n<h2><strong>Weitere \u00c4nderungen<\/strong><\/h2>\n<p>Eva's Hair ist jetzt der Favorit der AGB. Es gilt ausschliesslich Schweizer Recht unter Ausschluss des UN-Kaufrechts (CISG). Gerichtsstand ist Thun, sofern keine zwingenden gesetzlichen Bestimmungen entgegenstehen.<\/p>\n<div>\u00a0<\/div>\n<h2><strong>Kontakt<\/strong><\/h2>\n<p>Bei Fragen zu diesen AGB: \u2192 Impressum Einigen, Januar 2026 \u00a9 Eva's Injectmachine - 2026 Privacy Policy | Terms of Use Datenschutzerkl\u00e4rung | AGB | Impressum<\/p>\t\t\t\t\t\t\t\t<\/div>\n\t\t\t\t<\/div>\n\t\t\t\t\t<\/div>\n\t\t<\/div>\n\t\t\t\t\t<\/div>\n\t\t<\/section>\n\t\t\t\t<\/div>","protected":false},"excerpt":{"rendered":"<p>Allgemeine Gesch\u00e4ftsbedingungen (AGB) von Eva Spiess Inject Geltungsbereich F\u00fcr die Nutzung dieser Webseite sowie die Gesch\u00e4ftsbeziehungen zwischen Eva Spiess Inject (im Folgenden \u201eEva Spiess Inject\u201c genannt), Weekendweg 30e, 3646 Einigen, Schweiz, und ihren Kunden gelten die nachfolgenden Allgemeinen Gesch\u00e4ftsbedingungen (AGB) in der bei Aufruf der Webseite bzw. bei Warenbestellung aktuell abrufbaren und g\u00fcltigen Fassung. Als [&hellip;]<\/p>","protected":false},"author":1445,"featured_media":0,"parent":0,"menu_order":0,"comment_status":"closed","ping_status":"closed","template":"elementor_header_footer","meta":{"_acf_changed":false,"_uag_custom_page_level_css":"","site-sidebar-layout":"default","site-content-layout":"","ast-site-content-layout":"default","site-content-style":"default","site-sidebar-style":"default","ast-global-header-display":"","ast-banner-title-visibility":"","ast-main-header-display":"","ast-hfb-above-header-display":"","ast-hfb-below-header-display":"","ast-hfb-mobile-header-display":"","site-post-title":"","ast-breadcrumbs-content":"","ast-featured-img":"","footer-sml-layout":"","ast-disable-related-posts":"","theme-transparent-header-meta":"","adv-header-id-meta":"","stick-header-meta":"","header-above-stick-meta":"","header-main-stick-meta":"","header-below-stick-meta":"","astra-migrate-meta-layouts":"default","ast-page-background-enabled":"default","ast-page-background-meta":{"desktop":{"background-color":"var(--ast-global-color-4)","background-image":"","background-repeat":"repeat","background-position":"center center","background-size":"auto","background-attachment":"scroll","background-type":"","background-media":"","overlay-type":"","overlay-color":"","overlay-opacity":"","overlay-gradient":""},"tablet":{"background-color":"","background-image":"","background-repeat":"repeat","background-position":"center center","background-size":"auto","background-attachment":"scroll","background-type":"","background-media":"","overlay-type":"","overlay-color":"","overlay-opacity":"","overlay-gradient":""},"mobile":{"background-color":"","background-image":"","background-repeat":"repeat","background-position":"center center","background-size":"auto","background-attachment":"scroll","background-type":"","background-media":"","overlay-type":"","overlay-color":"","overlay-opacity":"","overlay-gradient":""}},"ast-content-background-meta":{"desktop":{"background-color":"var(--ast-global-color-5)","background-image":"","background-repeat":"repeat","background-position":"center center","background-size":"auto","background-attachment":"scroll","background-type":"","background-media":"","overlay-type":"","overlay-color":"","overlay-opacity":"","overlay-gradient":""},"tablet":{"background-color":"var(--ast-global-color-5)","background-image":"","background-repeat":"repeat","background-position":"center center","background-size":"auto","background-attachment":"scroll","background-type":"","background-media":"","overlay-type":"","overlay-color":"","overlay-opacity":"","overlay-gradient":""},"mobile":{"background-color":"var(--ast-global-color-5)","background-image":"","background-repeat":"repeat","background-position":"center center","background-size":"auto","background-attachment":"scroll","background-type":"","background-media":"","overlay-type":"","overlay-color":"","overlay-opacity":"","overlay-gradient":""}},"footnotes":""},"class_list":["post-2064","page","type-page","status-publish","hentry"],"acf":[],"uagb_featured_image_src":{"full":false,"thumbnail":false,"medium":false,"medium_large":false,"large":false,"1536x1536":false,"2048x2048":false,"trp-custom-language-flag":false,"ld-medium":false,"woocommerce_thumbnail":false,"woocommerce_single":false,"woocommerce_gallery_thumbnail":false},"uagb_author_info":{"display_name":"Rafael Dumas","author_link":"https:\/\/evasinjectmachine.com\/de\/author\/rafaadmin\/"},"uagb_comment_info":0,"uagb_excerpt":"Allgemeine Gesch\u00e4ftsbedingungen (AGB) von Eva Spiess Inject Geltungsbereich F\u00fcr die Nutzung dieser Webseite sowie die Gesch\u00e4ftsbeziehungen zwischen Eva Spiess Inject (im Folgenden \u201eEva Spiess Inject\u201c genannt), Weekendweg 30e, 3646 Einigen, Schweiz, und ihren Kunden gelten die nachfolgenden Allgemeinen Gesch\u00e4ftsbedingungen (AGB) in der bei Aufruf der Webseite bzw. bei Warenbestellung aktuell abrufbaren und g\u00fcltigen Fassung. Als&hellip;","jetpack_sharing_enabled":true,"_links":{"self":[{"href":"https:\/\/evasinjectmachine.com\/de\/wp-json\/wp\/v2\/pages\/2064","targetHints":{"allow":["GET"]}}],"collection":[{"href":"https:\/\/evasinjectmachine.com\/de\/wp-json\/wp\/v2\/pages"}],"about":[{"href":"https:\/\/evasinjectmachine.com\/de\/wp-json\/wp\/v2\/types\/page"}],"author":[{"embeddable":true,"href":"https:\/\/evasinjectmachine.com\/de\/wp-json\/wp\/v2\/users\/1445"}],"replies":[{"embeddable":true,"href":"https:\/\/evasinjectmachine.com\/de\/wp-json\/wp\/v2\/comments?post=2064"}],"version-history":[{"count":3,"href":"https:\/\/evasinjectmachine.com\/de\/wp-json\/wp\/v2\/pages\/2064\/revisions"}],"predecessor-version":[{"id":32618,"href":"https:\/\/evasinjectmachine.com\/de\/wp-json\/wp\/v2\/pages\/2064\/revisions\/32618"}],"wp:attachment":[{"href":"https:\/\/evasinjectmachine.com\/de\/wp-json\/wp\/v2\/media?parent=2064"}],"curies":[{"name":"wp","href":"https:\/\/api.w.org\/{rel}","templated":true}]}}