{"id":30149,"date":"2021-06-26T00:58:50","date_gmt":"2021-06-26T00:58:50","guid":{"rendered":"https:\/\/store.evashair.ch\/?post_type=product&#038;p=30149"},"modified":"2021-07-15T17:13:49","modified_gmt":"2021-07-15T17:13:49","slug":"kit-com-5-produtos-evas-hair-seiva-do-dragao-cachos-organicos-veganos","status":"publish","type":"product","link":"https:\/\/evasinjectmachine.com\/de\/product\/kit-com-5-produtos-evas-hair-seiva-do-dragao-cachos-organicos-veganos\/","title":{"rendered":"Kit mit 5 Produkten Eva's Hair Seiva do Drag\u00e3o | Curls"},"content":{"rendered":"<p>Kit mit 5 Eva's Hair Produkten Seiva do Drag\u00e3o - Eva's Hair bringt Ihnen ausgezeichnete Produkte <strong>Bio und vegan<\/strong> zur Pflege Ihrer sch\u00f6nen Locken. Kaufen Sie Ihre!<\/p>\n<ul>\n<li>Shampoo<\/li>\n<li>Aufbereiter<\/li>\n<li>Hydratation<\/li>\n<li>Leave-in<\/li>\n<li>W\u00e4hlen Sie den Lockenaktivator\u00a0<strong>oder <\/strong>Miracle Curl Aktivator<\/li>\n<\/ul>","protected":false},"excerpt":{"rendered":"<p>Kit mit 5 Eva's Hair Produkten Seiva do Drag\u00e3o - Eva's Hair bringt Ihnen ausgezeichnete Produkte <strong>Bio und vegan<\/strong> zur Pflege Ihrer sch\u00f6nen Locken. Kaufen Sie Ihre!<\/p>\n<ul>\n<li>Shampoo<\/li>\n<li>Aufbereiter<\/li>\n<li>Hydratation<\/li>\n<li>Leave-in<\/li>\n<li>W\u00e4hlen Sie den Lockenaktivator\u00a0<strong>oder <\/strong>Miracle Curl Aktivator<\/li>\n<\/ul>","protected":false},"featured_media":30033,"template":"","meta":{"_acf_changed":false,"_uag_custom_page_level_css":"","site-sidebar-layout":"default","site-content-layout":"default","ast-site-content-layout":"default","site-content-style":"default","site-sidebar-style":"default","ast-global-header-display":"","ast-banner-title-visibility":"","ast-main-header-display":"","ast-hfb-above-header-display":"","ast-hfb-below-header-display":"","ast-hfb-mobile-header-display":"","site-post-title":"","ast-breadcrumbs-content":"","ast-featured-img":"","footer-sml-layout":"","ast-disable-related-posts":"","theme-transparent-header-meta":"default","adv-header-id-meta":"","stick-header-meta":"","header-above-stick-meta":"","header-main-stick-meta":"","header-below-stick-meta":"","astra-migrate-meta-layouts":"default","ast-page-background-enabled":"default","ast-page-background-meta":{"desktop":{"background-color":"var(--ast-global-color-4)","background-image":"","background-repeat":"repeat","background-position":"center center","background-size":"auto","background-attachment":"scroll","background-type":"","background-media":"","overlay-type":"","overlay-color":"","overlay-opacity":"","overlay-gradient":""},"tablet":{"background-color":"","background-image":"","background-repeat":"repeat","background-position":"center center","background-size":"auto","background-attachment":"scroll","background-type":"","background-media":"","overlay-type":"","overlay-color":"","overlay-opacity":"","overlay-gradient":""},"mobile":{"background-color":"","background-image":"","background-repeat":"repeat","background-position":"center center","background-size":"auto","background-attachment":"scroll","background-type":"","background-media":"","overlay-type":"","overlay-color":"","overlay-opacity":"","overlay-gradient":""}},"ast-content-background-meta":{"desktop":{"background-color":"var(--ast-global-color-5)","background-image":"","background-repeat":"repeat","background-position":"center center","background-size":"auto","background-attachment":"scroll","background-type":"","background-media":"","overlay-type":"","overlay-color":"","overlay-opacity":"","overlay-gradient":""},"tablet":{"background-color":"var(--ast-global-color-5)","background-image":"","background-repeat":"repeat","background-position":"center center","background-size":"auto","background-attachment":"scroll","background-type":"","background-media":"","overlay-type":"","overlay-color":"","overlay-opacity":"","overlay-gradient":""},"mobile":{"background-color":"var(--ast-global-color-5)","background-image":"","background-repeat":"repeat","background-position":"center center","background-size":"auto","background-attachment":"scroll","background-type":"","background-media":"","overlay-type":"","overlay-color":"","overlay-opacity":"","overlay-gradient":""}}},"product_brand":[],"product_cat":[15],"product_tag":[],"class_list":{"0":"post-30149","1":"product","2":"type-product","3":"status-publish","4":"has-post-thumbnail","6":"product_cat-uncategorized","7":"desktop-align-left","8":"tablet-align-left","9":"mobile-align-left","11":"first","12":"instock","13":"shipping-taxable","14":"purchasable","15":"product-type-variable"},"acf":[],"uagb_featured_image_src":{"full":["https:\/\/evasinjectmachine.com\/wp-content\/uploads\/2021\/06\/sangre-kit.jpg",800,800,false],"thumbnail":["https:\/\/evasinjectmachine.com\/wp-content\/uploads\/2021\/06\/sangre-kit-150x150.jpg",150,150,true],"medium":["https:\/\/evasinjectmachine.com\/wp-content\/uploads\/2021\/06\/sangre-kit-300x300.jpg",300,300,true],"medium_large":["https:\/\/evasinjectmachine.com\/wp-content\/uploads\/2021\/06\/sangre-kit-768x768.jpg",768,768,true],"large":["https:\/\/evasinjectmachine.com\/wp-content\/uploads\/2021\/06\/sangre-kit.jpg",800,800,false],"1536x1536":["https:\/\/evasinjectmachine.com\/wp-content\/uploads\/2021\/06\/sangre-kit.jpg",800,800,false],"2048x2048":["https:\/\/evasinjectmachine.com\/wp-content\/uploads\/2021\/06\/sangre-kit.jpg",800,800,false],"trp-custom-language-flag":["https:\/\/evasinjectmachine.com\/wp-content\/uploads\/2021\/06\/sangre-kit-12x12.jpg",12,12,true],"ld-medium":["https:\/\/evasinjectmachine.com\/wp-content\/uploads\/2021\/06\/sangre-kit.jpg",320,320,false],"woocommerce_thumbnail":["https:\/\/evasinjectmachine.com\/wp-content\/uploads\/2021\/06\/sangre-kit-300x300.jpg",300,300,true],"woocommerce_single":["https:\/\/evasinjectmachine.com\/wp-content\/uploads\/2021\/06\/sangre-kit-600x600.jpg",600,600,true],"woocommerce_gallery_thumbnail":["https:\/\/evasinjectmachine.com\/wp-content\/uploads\/2021\/06\/sangre-kit-100x100.jpg",100,100,true]},"uagb_author_info":{"display_name":"Rafael Dumas","author_link":"https:\/\/evasinjectmachine.com\/de\/author\/"},"uagb_comment_info":0,"uagb_excerpt":"Kit com 5 Produtos Eva's Hair Seiva do Drag\u00e3o - Eva's Hair leva at\u00e9 voc\u00ea excelentes produtos org\u00e2nicos e veganos para cuidados com seus lindos cachos. Compre os seus! Shampoo Condicionador Hidrata\u00e7\u00e3o Leave-in Escolha o Ativador de cachos\u00a0ou Ativador de cachos Milagre","jetpack_sharing_enabled":true,"_links":{"self":[{"href":"https:\/\/evasinjectmachine.com\/de\/wp-json\/wp\/v2\/product\/30149","targetHints":{"allow":["GET"]}}],"collection":[{"href":"https:\/\/evasinjectmachine.com\/de\/wp-json\/wp\/v2\/product"}],"about":[{"href":"https:\/\/evasinjectmachine.com\/de\/wp-json\/wp\/v2\/types\/product"}],"wp:featuredmedia":[{"embeddable":true,"href":"https:\/\/evasinjectmachine.com\/de\/wp-json\/wp\/v2\/media\/30033"}],"wp:attachment":[{"href":"https:\/\/evasinjectmachine.com\/de\/wp-json\/wp\/v2\/media?parent=30149"}],"wp:term":[{"taxonomy":"product_brand","embeddable":true,"href":"https:\/\/evasinjectmachine.com\/de\/wp-json\/wp\/v2\/product_brand?post=30149"},{"taxonomy":"product_cat","embeddable":true,"href":"https:\/\/evasinjectmachine.com\/de\/wp-json\/wp\/v2\/product_cat?post=30149"},{"taxonomy":"product_tag","embeddable":true,"href":"https:\/\/evasinjectmachine.com\/de\/wp-json\/wp\/v2\/product_tag?post=30149"}],"curies":[{"name":"wp","href":"https:\/\/api.w.org\/{rel}","templated":true}]}}