{"id":2060,"date":"2019-07-19T02:32:50","date_gmt":"2019-07-19T02:32:50","guid":{"rendered":"https:\/\/store.evashair.ch\/?page_id=2060"},"modified":"2026-01-27T15:04:52","modified_gmt":"2026-01-27T15:04:52","slug":"datenschutzerklarung","status":"publish","type":"page","link":"https:\/\/evasinjectmachine.com\/en\/datenschutzerklarung\/","title":{"rendered":"Datenschutzerkl\u00e4rung"},"content":{"rendered":"<div data-elementor-type=\"wp-post\" data-elementor-id=\"2060\" class=\"elementor elementor-2060\" data-elementor-post-type=\"page\">\n\t\t\t\t\t\t<section class=\"elementor-section elementor-top-section elementor-element elementor-element-7f9e8695 elementor-section-boxed elementor-section-height-default elementor-section-height-default\" data-id=\"7f9e8695\" data-element_type=\"section\" data-e-type=\"section\">\n\t\t\t\t\t\t<div class=\"elementor-container elementor-column-gap-default\">\n\t\t\t\t\t<div class=\"elementor-column elementor-col-100 elementor-top-column elementor-element elementor-element-36d2a455\" data-id=\"36d2a455\" data-element_type=\"column\" data-e-type=\"column\">\n\t\t\t<div class=\"elementor-widget-wrap elementor-element-populated\">\n\t\t\t\t\t\t<div class=\"elementor-element elementor-element-54c62722 elementor-widget elementor-widget-text-editor\" data-id=\"54c62722\" data-element_type=\"widget\" data-e-type=\"widget\" data-widget_type=\"text-editor.default\">\n\t\t\t\t<div class=\"elementor-widget-container\">\n\t\t\t\t\t\t\t\t\t<h3><strong>Datenschutzerkl\u00e4rung<\/strong><\/h3>\n<p><strong>Verantwortliche Stelle im Sinne der Datenschutzgesetze, insbesondere der EU-Datenschutzgrundverordnung (DSGVO), ist:<\/strong> Eva Spiess Inject, Marcel Spiess, Weekendweg 30e, 3646 Einigen. E-Mail: evainject@bluewin.ch Website: <span tabindex=\"0\" role=\"button\" data-url=\"https:\/\/www.evasinjectmachine.com\" aria-label=\"www.evasinjectmachine.com, this will take you to www.evasinjectmachine.com\">www.evasinjectmachine.com<\/span><\/p>\n<div>\u00a0<\/div>\n<h3><strong>Allgemeiner Hinweis<\/strong><\/h3>\n<p>Gest\u00fctzt auf Artikel 13 der schweizerischen Bundesverfassung und die datenschutzrechtlichen Bestimmungen des Bundes (Datenschutzgesetz, DSG) hat jede Person Anspruch auf Schutz ihrer Privatsph\u00e4re sowie auf Schutz vor Missbrauch ihrer pers\u00f6nlichen Daten. Die Betreiber dieser Seiten nehmen den Schutz Ihrer pers\u00f6nlichen Daten sehr ernst. Wir behandeln Ihre personenbezogenen Daten vertraulich und entsprechend der gesetzlichen Datenschutzvorschriften sowie dieser Datenschutzerkl\u00e4rung. In Zusammenarbeit mit unseren Hosting-Providern bem\u00fchen wir uns, die Datenbanken so gut wie m\u00f6glich vor fremden Zugriffen, Verlusten, Missbrauch oder vor F\u00e4lschung zu sch\u00fctzen.<\/p>\n<p>We have realised that the Daten\u00fcbertragung im Internet (z.B. bei der Kommunikation per E-Mail) Sicherheitsl\u00fccken aufweisen kann. There is no need to worry about the cost of the data for the purposes of the website. With the introduction of this website, you will be able to learn about the work, work and introduction of Daten in the future. This website can be used for registration purposes. Daten wie beispielsweise aufgerufene Seiten bzw. Namen der abgerufenen Datei, Datum und Uhrzeit zu statistischen Zwecken auf dem Server gespeichert, ohne dass diese Daten unmittelbar auf Ihre Person bezogen werden.<\/p>\n<p>Personenbezogene Daten, insbesondere Name, Adresse oder E-Mail-Adresse werden soweit m\u00f6glich auf freiwilliger Basis erhoben. Please note that your information will be analysed in detail.<\/p>\n<div>\u00a0<\/div>\n<h3><strong>Bearbeitung von Personendaten<\/strong><\/h3>\n<p>Personendaten sind alle Angaben, die sich auf eine bestimmte oder bestimmbare Person beziehen. Eine betroffene Person ist eine Person, \u00fcber die Personendaten bearbeitet werden. Bearbeiten umfasst jeden Umgang mit Personendaten, unabh\u00e4ngig von den angewandten Mitteln und Verfahren, insbesondere das Aufbewahren, Bekanntgeben, Beschaffen, L\u00f6schen, Speichern, Ver\u00e4ndern, Vernichten und Verwenden von Personendaten.<\/p>\n<p>We bearbeiten Personendaten im Einklang mit dem schweizerischen Datenschutzrecht. Im \u00dcbrigen bearbeiten wir - soweit und sofern die EU-DSGVO anwendbar ist - Personendaten gem\u00e4ss folgenden Rechtsgrundlagen im Zusammenhang mit Art. 6 Abs. 1 DSGVO: a) Einwilligung der betroffenen Person. b) Erf\u00fcllung eines Vertrages oder vorvertraglicher Massnahmen. c) Erf\u00fcllung einer rechtlichen Verpflichtung. d) Schutz lebenswichtiger Interessen. f) Wahrung berechtigter Interessen, insbesondere betriebswirtschaftliche Interessen, Bereitstellung der Website, Informationssicherheit, Durchsetzung rechtlicher Anspr\u00fcche und Einhaltung schweizerischen Rechts.<\/p>\n<p>We bearendaten Personendaten f\u00fcr jene Dauer, die f\u00fcr den jeweiligen Zweck erforderlich ist. Bei l\u00e4nger dauernden Aufbewahrungspflichten schr\u00e4nken wir die Bearbeitung entsprechend ein.<\/p>\n<div>\u00a0<\/div>\n<h3><strong>Cookies<\/strong><\/h3>\n<p>This website contains cookies, which can be used to analyse information. Cookies mean that the content and content of the website can be analysed and that the website's content can be managed. Cookies can be used on the end of a browser session and can be used in a different way. If you do not have this information, you can use your browser to delete cookies.<\/p>\n<p>A generous discussion about Online-Marketing-Cookies can be found below <span tabindex=\"0\" role=\"button\" data-url=\"https:\/\/www.aboutads.info\/choices\" aria-label=\"www.aboutads.info\/choices, this will take you to www.aboutads.info\">www.aboutads.info\/choices <\/span> oder <span tabindex=\"0\" role=\"button\" data-url=\"https:\/\/www.youronlinechoices.com\" aria-label=\"www.youronlinechoices.com, this will take you to www.youronlinechoices.com\">www.youronlinechoices.com <\/span> erkl\u00e4rt werden. The use of cookies may also be authorised by specific browsers; however, it may not be possible to change the functionality of the website.<\/p>\n<div>\u00a0<\/div>\n<h3><strong>SSL-\/TLS-Verschl\u00fcsselung<\/strong><\/h3>\n<p>This website has an SSL-\/TLS-Verschl\u00fcsselung with a verbatim licence. In this case, you will see \"https:\/\/\" and the Schloss-Symbol in the browser. Wenn die Verschl\u00fcsselung aktiviert ist, k\u00f6nnen \u00fcbermittelte Daten nicht von Dritten mitgelesen werden.<\/p>\n<div>\u00a0<\/div>\n<h3><strong>Server-Log-Files<\/strong><\/h3>\n<p>Der Provider dieser Website erhebt automatisch Informationen wie Browsertyp, Betriebssystem, Referrer URL, Hostname des zugreifenden Rechners und Uhrzeit der Serveranfrage. These data are not bestowed on individuals and will not be used with other data. This is a nachtr\u00e4gliche Pr\u00fcfung bleibt vorbehalten, wenn konkrete Anhaltspunkte f\u00fcr eine rechtswidrige Nutzung vorliegen.<\/p>\n<div>\u00a0<\/div>\n<h3><strong>Kontaktformular<\/strong><\/h3>\n<p>If you send us a Kontaktformular Anfragen, you will be able to use this information for your work and for your research. This newsletter does not contain any information.<\/p>\n<div>\u00a0<\/div>\n<h3><strong>Newsletterdaten<\/strong><\/h3>\n<p>For the Newsletter, please send us your e-mail address and a newsletter address. The dates will be sent to you in advance and not in advance. Die Einwilligung kann jederzeit \u00fcber den \"Austragen\"-Link widerrufen werden.<\/p>\n<div>\u00a0<\/div>\n<h3><strong>Kommentarfunktion<\/strong><\/h3>\n<p>In the context of the comment section, we would like you to know the comment, address, e-mail address and so on. The IP-Address will usually be used, as well as any other information.<\/p>\n<p>Please let us know your comments and send us a best wishes e-mail. The cancellation can now be made over a link.<\/p>\n<div>\u00a0<\/div>\n<h3><strong>Recht auf Auskunft, L\u00f6schung, Sperrung<\/strong><\/h3>\n<p>You have a right to uninterrupted access to your personalised, personalised work and to the inheritance, employment and work environment. This means that you have a right to a Berichtigung, Sperrung or L\u00f6schung.<\/p>\n<div>\u00a0<\/div>\n<h3><strong>Costs of renting services<\/strong><\/h3>\n<p>In order to fulfil these requirements, the following dates will be used: Zahlungsangaben erhoben and bis zum Ablauf gesetzlicher Aufbewahrungsfristen gespeichert.<\/p>\n<div>\u00a0<\/div>\n<h3><strong>Google AdWords<\/strong><\/h3>\n<p>This website has Google Conversion-Tracking. If you have a Google-Anzeige on your website, a cookie will be generated, which will be opened in 30 days and will not have a personal identity. Conversion-Cookies allow the creation of anonymous statistics. If you are not tracking your data, you can block cookies.<\/p>\n<div>\u00a0<\/div>\n<h3><strong>Facebook, Twitter, Instagram, YouTube<\/strong><\/h3>\n<p>This website includes plugins for the general public. Beim Besuch werden Daten an die jeweiligen Anbieter \u00fcbertragen und ggf. Ihrem Konto zugeordnet. You will find all the information in the jewellery catalogues.<\/p>\n<div>\u00a0<\/div>\n<h3><strong>Bestellabwicklung im Online-Shop<\/strong><\/h3>\n<p>We work with DSG and DSGVO for the implementation of Bestellungen, Zahlungen, Auslieferungen and Kundenservice. Nutzer k\u00f6nnen ein Konto anlegen; Daten werden gem\u00e4ss gesetzlichen Vorgaben gespeichert und gel\u00f6scht.<\/p>\n<div>\u00a0<\/div>\n<h3><strong>Urheberrechte<\/strong><\/h3>\n<p>Alle Inhalte der Website unterliegen dem Urheberrecht. A nutshell or a schriftliche Zustimmung is untersagt.<\/p>\n<div>\u00a0<\/div>\n<h3><strong>Haftungsausschluss<\/strong><\/h3>\n<p>We will provide you with correct and detailed information, and will provide you with a guarantee for your income. Haftungsanspr\u00fcche sind ausgeschlossen, sofern kein vors\u00e4tzliches oder grobfahrl\u00e4ssiges Verschulden vorliegt. Inhalte externer Links sind ausschliesslich deren Betreiber verantwortlich.<\/p>\n<div>\u00a0<\/div>\n<h3><strong>\u00c4nderungen<\/strong><\/h3>\n<p>We can pass this data on for a long time. This is the only current version on the website.<\/p>\n<div>\u00a0<\/div>\n<h3><strong>Questions on the Data Protection Offices<\/strong><\/h3>\n<p>Bei Fragen wenden Sie sich bitte an die eingangs genannte verantwortliche Person.<\/p>\n<div>\u00a0<\/div>\n<p><strong>Einigen, January 2026<\/strong> Quelle: SwissAnwalt<\/p>\t\t\t\t\t\t\t\t<\/div>\n\t\t\t\t<\/div>\n\t\t\t\t\t<\/div>\n\t\t<\/div>\n\t\t\t\t\t<\/div>\n\t\t<\/section>\n\t\t\t\t<\/div>","protected":false},"excerpt":{"rendered":"<p>Datenschutzerkl\u00e4rung Verantwortliche Stelle im Sinne der Datenschutzgesetze, insbesondere der EU-Datenschutzgrundverordnung (DSGVO), ist: Eva Spiess Inject, Marcel Spiess, Weekendweg 30e, 3646 Einigen. E-Mail: evainject@bluewin.ch Website: www.evasinjectmachine.com Allgemeiner Hinweis Gest\u00fctzt auf Artikel 13 der schweizerischen Bundesverfassung und die datenschutzrechtlichen Bestimmungen des Bundes (Datenschutzgesetz, DSG) hat jede Person Anspruch auf Schutz ihrer Privatsph\u00e4re sowie auf Schutz vor [...]...<\/p>","protected":false},"author":1445,"featured_media":0,"parent":0,"menu_order":0,"comment_status":"closed","ping_status":"closed","template":"elementor_header_footer","meta":{"_acf_changed":false,"_uag_custom_page_level_css":"","site-sidebar-layout":"default","site-content-layout":"","ast-site-content-layout":"default","site-content-style":"default","site-sidebar-style":"default","ast-global-header-display":"","ast-banner-title-visibility":"","ast-main-header-display":"","ast-hfb-above-header-display":"","ast-hfb-below-header-display":"","ast-hfb-mobile-header-display":"","site-post-title":"","ast-breadcrumbs-content":"","ast-featured-img":"","footer-sml-layout":"","ast-disable-related-posts":"","theme-transparent-header-meta":"","adv-header-id-meta":"","stick-header-meta":"","header-above-stick-meta":"","header-main-stick-meta":"","header-below-stick-meta":"","astra-migrate-meta-layouts":"default","ast-page-background-enabled":"default","ast-page-background-meta":{"desktop":{"background-color":"var(--ast-global-color-4)","background-image":"","background-repeat":"repeat","background-position":"center center","background-size":"auto","background-attachment":"scroll","background-type":"","background-media":"","overlay-type":"","overlay-color":"","overlay-opacity":"","overlay-gradient":""},"tablet":{"background-color":"","background-image":"","background-repeat":"repeat","background-position":"center center","background-size":"auto","background-attachment":"scroll","background-type":"","background-media":"","overlay-type":"","overlay-color":"","overlay-opacity":"","overlay-gradient":""},"mobile":{"background-color":"","background-image":"","background-repeat":"repeat","background-position":"center center","background-size":"auto","background-attachment":"scroll","background-type":"","background-media":"","overlay-type":"","overlay-color":"","overlay-opacity":"","overlay-gradient":""}},"ast-content-background-meta":{"desktop":{"background-color":"var(--ast-global-color-5)","background-image":"","background-repeat":"repeat","background-position":"center center","background-size":"auto","background-attachment":"scroll","background-type":"","background-media":"","overlay-type":"","overlay-color":"","overlay-opacity":"","overlay-gradient":""},"tablet":{"background-color":"var(--ast-global-color-5)","background-image":"","background-repeat":"repeat","background-position":"center center","background-size":"auto","background-attachment":"scroll","background-type":"","background-media":"","overlay-type":"","overlay-color":"","overlay-opacity":"","overlay-gradient":""},"mobile":{"background-color":"var(--ast-global-color-5)","background-image":"","background-repeat":"repeat","background-position":"center center","background-size":"auto","background-attachment":"scroll","background-type":"","background-media":"","overlay-type":"","overlay-color":"","overlay-opacity":"","overlay-gradient":""}},"footnotes":""},"class_list":["post-2060","page","type-page","status-publish","hentry"],"acf":[],"uagb_featured_image_src":{"full":false,"thumbnail":false,"medium":false,"medium_large":false,"large":false,"1536x1536":false,"2048x2048":false,"trp-custom-language-flag":false,"ld-medium":false,"woocommerce_thumbnail":false,"woocommerce_single":false,"woocommerce_gallery_thumbnail":false},"uagb_author_info":{"display_name":"Rafael Dumas","author_link":"https:\/\/evasinjectmachine.com\/en\/author\/rafaadmin\/"},"uagb_comment_info":0,"uagb_excerpt":"Datenschutzerkl\u00e4rung Verantwortliche Stelle im Sinne der Datenschutzgesetze, insbesondere der EU\u2011Datenschutzgrundverordnung (DSGVO), ist: Eva Spiess Inject, Marcel Spiess, Weekendweg 30e, 3646 Einigen. E\u2011Mail: evainject@bluewin.ch Website: www.evasinjectmachine.com \u00a0 Allgemeiner Hinweis Gest\u00fctzt auf Artikel 13 der schweizerischen Bundesverfassung und die datenschutzrechtlichen Bestimmungen des Bundes (Datenschutzgesetz, DSG) hat jede Person Anspruch auf Schutz ihrer Privatsph\u00e4re sowie auf Schutz vor&hellip;","jetpack_sharing_enabled":true,"_links":{"self":[{"href":"https:\/\/evasinjectmachine.com\/en\/wp-json\/wp\/v2\/pages\/2060","targetHints":{"allow":["GET"]}}],"collection":[{"href":"https:\/\/evasinjectmachine.com\/en\/wp-json\/wp\/v2\/pages"}],"about":[{"href":"https:\/\/evasinjectmachine.com\/en\/wp-json\/wp\/v2\/types\/page"}],"author":[{"embeddable":true,"href":"https:\/\/evasinjectmachine.com\/en\/wp-json\/wp\/v2\/users\/1445"}],"replies":[{"embeddable":true,"href":"https:\/\/evasinjectmachine.com\/en\/wp-json\/wp\/v2\/comments?post=2060"}],"version-history":[{"count":6,"href":"https:\/\/evasinjectmachine.com\/en\/wp-json\/wp\/v2\/pages\/2060\/revisions"}],"predecessor-version":[{"id":32625,"href":"https:\/\/evasinjectmachine.com\/en\/wp-json\/wp\/v2\/pages\/2060\/revisions\/32625"}],"wp:attachment":[{"href":"https:\/\/evasinjectmachine.com\/en\/wp-json\/wp\/v2\/media?parent=2060"}],"curies":[{"name":"wp","href":"https:\/\/api.w.org\/{rel}","templated":true}]}}