{"id":32332,"date":"2024-07-18T08:21:10","date_gmt":"2024-07-18T08:21:10","guid":{"rendered":"https:\/\/evasinjectmachine.com\/?post_type=product&#038;p=32332"},"modified":"2024-07-18T08:26:27","modified_gmt":"2024-07-18T08:26:27","slug":"v-light-hair-extensions","status":"publish","type":"product","link":"https:\/\/evasinjectmachine.com\/en\/product\/v-light-hair-extensions\/","title":{"rendered":"V Light Hair Extensions Complete Kit + Live Course"},"content":{"rendered":"<p><strong>What's included in the Starter Kit:<\/strong><\/p>\n<p>1 V-light Hair Extensions<br \/>\n1 transparent glue (20g) and 1 black glue (20g)<br \/>\n1 Liquid remover (30ml)<br \/>\n1 Applicator comb<br \/>\n2 Needles applied<br \/>\n1 Anti-reflective machine light shield<br \/>\n1 Tweezers with serrated surface for removing hair<br \/>\n1 Charger cable<br \/>\n1 Wick separator<br \/>\n1 Original manual<\/p>\n<p>Benefits of the Kit:<\/p>\n<p>Perfect results with the V Light extensions method.<\/p>\n<p>* O <strong>Attendance Course<\/strong> is given to students in Switzerland.<\/p>","protected":false},"excerpt":{"rendered":"<p>Discover the most popular method of hair extensions on the market.  Be the first in your region with mega hair via wire-to-wire with the exclusive method <strong>V-light Hair Extensions!<\/strong><\/p>","protected":false},"featured_media":32334,"template":"","meta":{"_acf_changed":false,"_uag_custom_page_level_css":"","site-sidebar-layout":"default","site-content-layout":"","ast-site-content-layout":"default","site-content-style":"default","site-sidebar-style":"default","ast-global-header-display":"","ast-banner-title-visibility":"","ast-main-header-display":"","ast-hfb-above-header-display":"","ast-hfb-below-header-display":"","ast-hfb-mobile-header-display":"","site-post-title":"","ast-breadcrumbs-content":"","ast-featured-img":"","footer-sml-layout":"","ast-disable-related-posts":"","theme-transparent-header-meta":"default","adv-header-id-meta":"","stick-header-meta":"","header-above-stick-meta":"","header-main-stick-meta":"","header-below-stick-meta":"","astra-migrate-meta-layouts":"set","ast-page-background-enabled":"default","ast-page-background-meta":{"desktop":{"background-color":"var(--ast-global-color-4)","background-image":"","background-repeat":"repeat","background-position":"center center","background-size":"auto","background-attachment":"scroll","background-type":"","background-media":"","overlay-type":"","overlay-color":"","overlay-opacity":"","overlay-gradient":""},"tablet":{"background-color":"","background-image":"","background-repeat":"repeat","background-position":"center center","background-size":"auto","background-attachment":"scroll","background-type":"","background-media":"","overlay-type":"","overlay-color":"","overlay-opacity":"","overlay-gradient":""},"mobile":{"background-color":"","background-image":"","background-repeat":"repeat","background-position":"center center","background-size":"auto","background-attachment":"scroll","background-type":"","background-media":"","overlay-type":"","overlay-color":"","overlay-opacity":"","overlay-gradient":""}},"ast-content-background-meta":{"desktop":{"background-color":"var(--ast-global-color-5)","background-image":"","background-repeat":"repeat","background-position":"center center","background-size":"auto","background-attachment":"scroll","background-type":"","background-media":"","overlay-type":"","overlay-color":"","overlay-opacity":"","overlay-gradient":""},"tablet":{"background-color":"var(--ast-global-color-5)","background-image":"","background-repeat":"repeat","background-position":"center center","background-size":"auto","background-attachment":"scroll","background-type":"","background-media":"","overlay-type":"","overlay-color":"","overlay-opacity":"","overlay-gradient":""},"mobile":{"background-color":"var(--ast-global-color-5)","background-image":"","background-repeat":"repeat","background-position":"center center","background-size":"auto","background-attachment":"scroll","background-type":"","background-media":"","overlay-type":"","overlay-color":"","overlay-opacity":"","overlay-gradient":""}}},"product_brand":[],"product_cat":[931],"product_tag":[],"class_list":{"0":"post-32332","1":"product","2":"type-product","3":"status-publish","4":"has-post-thumbnail","6":"product_cat-maquinas-materiais","7":"desktop-align-left","8":"tablet-align-left","9":"mobile-align-left","11":"first","12":"instock","13":"shipping-taxable","14":"purchasable","15":"product-type-simple"},"acf":[],"uagb_featured_image_src":{"full":["https:\/\/evasinjectmachine.com\/wp-content\/uploads\/2024\/07\/IMG_7729.jpg",600,450,false],"thumbnail":["https:\/\/evasinjectmachine.com\/wp-content\/uploads\/2024\/07\/IMG_7729-150x150.jpg",150,150,true],"medium":["https:\/\/evasinjectmachine.com\/wp-content\/uploads\/2024\/07\/IMG_7729-300x225.jpg",300,225,true],"medium_large":["https:\/\/evasinjectmachine.com\/wp-content\/uploads\/2024\/07\/IMG_7729.jpg",600,450,false],"large":["https:\/\/evasinjectmachine.com\/wp-content\/uploads\/2024\/07\/IMG_7729.jpg",600,450,false],"1536x1536":["https:\/\/evasinjectmachine.com\/wp-content\/uploads\/2024\/07\/IMG_7729.jpg",600,450,false],"2048x2048":["https:\/\/evasinjectmachine.com\/wp-content\/uploads\/2024\/07\/IMG_7729.jpg",600,450,false],"trp-custom-language-flag":["https:\/\/evasinjectmachine.com\/wp-content\/uploads\/2024\/07\/IMG_7729-16x12.jpg",16,12,true],"ld-medium":["https:\/\/evasinjectmachine.com\/wp-content\/uploads\/2024\/07\/IMG_7729-320x320.jpg",320,320,true],"woocommerce_thumbnail":["https:\/\/evasinjectmachine.com\/wp-content\/uploads\/2024\/07\/IMG_7729-300x300.jpg",300,300,true],"woocommerce_single":["https:\/\/evasinjectmachine.com\/wp-content\/uploads\/2024\/07\/IMG_7729.jpg",600,450,false],"woocommerce_gallery_thumbnail":["https:\/\/evasinjectmachine.com\/wp-content\/uploads\/2024\/07\/IMG_7729-100x100.jpg",100,100,true]},"uagb_author_info":{"display_name":"Rafael Dumas","author_link":"https:\/\/evasinjectmachine.com\/en\/author\/"},"uagb_comment_info":0,"uagb_excerpt":"Conhe\u00e7a o m\u00e9todo de extens\u00f5es mais procurado no mercado.\u00a0 Seja o primeiro na sua regi\u00e3o com mega hair via fio a fio com o m\u00e9todo exclusivo V-light Hair Extensions!","jetpack_sharing_enabled":true,"_links":{"self":[{"href":"https:\/\/evasinjectmachine.com\/en\/wp-json\/wp\/v2\/product\/32332","targetHints":{"allow":["GET"]}}],"collection":[{"href":"https:\/\/evasinjectmachine.com\/en\/wp-json\/wp\/v2\/product"}],"about":[{"href":"https:\/\/evasinjectmachine.com\/en\/wp-json\/wp\/v2\/types\/product"}],"wp:featuredmedia":[{"embeddable":true,"href":"https:\/\/evasinjectmachine.com\/en\/wp-json\/wp\/v2\/media\/32334"}],"wp:attachment":[{"href":"https:\/\/evasinjectmachine.com\/en\/wp-json\/wp\/v2\/media?parent=32332"}],"wp:term":[{"taxonomy":"product_brand","embeddable":true,"href":"https:\/\/evasinjectmachine.com\/en\/wp-json\/wp\/v2\/product_brand?post=32332"},{"taxonomy":"product_cat","embeddable":true,"href":"https:\/\/evasinjectmachine.com\/en\/wp-json\/wp\/v2\/product_cat?post=32332"},{"taxonomy":"product_tag","embeddable":true,"href":"https:\/\/evasinjectmachine.com\/en\/wp-json\/wp\/v2\/product_tag?post=32332"}],"curies":[{"name":"wp","href":"https:\/\/api.w.org\/{rel}","templated":true}]}}