{"id":2060,"date":"2019-07-19T02:32:50","date_gmt":"2019-07-19T02:32:50","guid":{"rendered":"https:\/\/store.evashair.ch\/?page_id=2060"},"modified":"2026-01-27T15:04:52","modified_gmt":"2026-01-27T15:04:52","slug":"datenschutzerklarung","status":"publish","type":"page","link":"https:\/\/evasinjectmachine.com\/fr\/datenschutzerklarung\/","title":{"rendered":"Datenschutzerkl\u00e4rung"},"content":{"rendered":"<div data-elementor-type=\"wp-post\" data-elementor-id=\"2060\" class=\"elementor elementor-2060\" data-elementor-post-type=\"page\">\n\t\t\t\t\t\t<section class=\"elementor-section elementor-top-section elementor-element elementor-element-7f9e8695 elementor-section-boxed elementor-section-height-default elementor-section-height-default\" data-id=\"7f9e8695\" data-element_type=\"section\" data-e-type=\"section\">\n\t\t\t\t\t\t<div class=\"elementor-container elementor-column-gap-default\">\n\t\t\t\t\t<div class=\"elementor-column elementor-col-100 elementor-top-column elementor-element elementor-element-36d2a455\" data-id=\"36d2a455\" data-element_type=\"column\" data-e-type=\"column\">\n\t\t\t<div class=\"elementor-widget-wrap elementor-element-populated\">\n\t\t\t\t\t\t<div class=\"elementor-element elementor-element-54c62722 elementor-widget elementor-widget-text-editor\" data-id=\"54c62722\" data-element_type=\"widget\" data-e-type=\"widget\" data-widget_type=\"text-editor.default\">\n\t\t\t\t<div class=\"elementor-widget-container\">\n\t\t\t\t\t\t\t\t\t<h3><strong>Datenschutzerkl\u00e4rung<\/strong><\/h3>\n<p><strong>L'\u00e9tape suivante dans le cadre des r\u00e8gles de protection des donn\u00e9es, en particulier de la directive europ\u00e9enne sur la protection des donn\u00e9es (DSGVO), est la suivante :<\/strong> Eva Spiess Inject, Marcel Spiess, Weekendweg 30e, 3646 Einigen. E-Mail : evainject@bluewin.ch Website : <span tabindex=\"0\" role=\"button\" data-url=\"https:\/\/www.evasinjectmachine.com\" aria-label=\"www.evasinjectmachine.com, ce qui vous am\u00e8nera \u00e0 www.evasinjectmachine.com\">www.evasinjectmachine.com<\/span><\/p>\n<div>\u00a0<\/div>\n<h3><strong>Conseils g\u00e9n\u00e9raux<\/strong><\/h3>\n<p>Conform\u00e9ment \u00e0 l'article 13 de la loi f\u00e9d\u00e9rale suisse et aux dispositions f\u00e9d\u00e9rales en mati\u00e8re de protection des donn\u00e9es (Datenschutzgesetz, DSG), toute personne a droit \u00e0 la protection de sa vie priv\u00e9e et \u00e0 la protection de ses donn\u00e9es personnelles contre les abus. Les personnes qui travaillent sur ces pages sont tr\u00e8s soucieuses de la protection de leurs donn\u00e9es personnelles. Nous manipulons vos donn\u00e9es personnelles de mani\u00e8re vertueuse et conform\u00e9ment aux dispositions l\u00e9gales en mati\u00e8re de protection des donn\u00e9es, ainsi qu'au pr\u00e9sent r\u00e8glement sur la protection des donn\u00e9es. En collaboration avec nos fournisseurs d'h\u00e9bergement, nous nous effor\u00e7ons de faire en sorte que les banques de donn\u00e9es soient aussi s\u00fbres que possible contre les atteintes, les abus, les fraudes et les fautes.<\/p>\n<p>Nous nous sommes rendu compte que le transfert de donn\u00e9es sur Internet (par exemple dans le cadre de la communication par courrier \u00e9lectronique) peut \u00eatre s\u00e9curis\u00e9. Il n'y a pas lieu de s'inqui\u00e9ter du co\u00fbt des donn\u00e9es pour les besoins du site web. Avec l'introduction de ce site web, vous pourrez vous informer sur le travail, le travail et l'introduction des donn\u00e9es \u00e0 l'avenir. Ce site peut \u00eatre utilis\u00e9 \u00e0 des fins d'enregistrement. Les donn\u00e9es, comme par exemple les noms de domaine, les dates et l'heure, peuvent \u00eatre enregistr\u00e9es sur le serveur \u00e0 des fins statistiques, sans que ces donn\u00e9es ne soient transmises \u00e0 votre personne de mani\u00e8re illimit\u00e9e.<\/p>\n<p>Les donn\u00e9es personnelles, notamment le nom, l'adresse ou l'adresse \u00e9lectronique, sont enregistr\u00e9es sur une base volontaire. Veuillez noter que vos informations seront analys\u00e9es en d\u00e9tail.<\/p>\n<div>\u00a0<\/div>\n<h3><strong>Traitement des donn\u00e9es personnelles<\/strong><\/h3>\n<p>Personendaten sind alle Angaben, die sich auf eine bestimmte oder bestimmbare Person beziehen. Eine betroffene Person ist eine Person, \u00fcber die Personendaten bearbeitet werden. Bearbeiten umfasst jeden Umgang mit Personendaten, unabh\u00e4ngig von den angewandten Mitteln und Verfahren, insbesondere das Aufbewahren, Bekanntgeben, Beschaffen, L\u00f6schen, Speichern, Ver\u00e4ndern, Vernichten und Verwenden von Personendaten.<\/p>\n<p>Nous traitons les donn\u00e9es personnelles en conformit\u00e9 avec la loi suisse sur la protection des donn\u00e9es. En outre, nous traitons - si et dans la mesure o\u00f9 l'EU-DSGVO est applicable - les donn\u00e9es \u00e0 caract\u00e8re personnel conform\u00e9ment aux dispositions l\u00e9gales suivantes dans le cadre de l'article 6, paragraphe 1, de la DSGVO : a) la volont\u00e9 de la personne concern\u00e9e par la demande d'emploi ; b) l'existence d'un lien de parent\u00e9 avec la personne concern\u00e9e ; c) l'existence d'un lien de parent\u00e9 avec la personne concern\u00e9e. 1 DSGVO : a) Einwilligung der betroffenen Person. b) Erf\u00fcllung eines Vertrages oder vorvertraglicher Massnahmen. c) Erf\u00fcllung einer rechtlichen Verpflichtung. d) Schutz lebenswichtiger Interessen. f) Prise en compte des int\u00e9r\u00eats l\u00e9gitimes, notamment les int\u00e9r\u00eats \u00e9conomiques, la pr\u00e9sentation du site web, la s\u00e9curit\u00e9 de l'information, l'\u00e9laboration de r\u00e9ponses juridiques et l'application des droits de l'Union europ\u00e9enne.<\/p>\n<p>Nous fournissons des informations sur les personnes pour une dur\u00e9e qui correspond \u00e0 l'objectif vis\u00e9. Si la dur\u00e9e de validit\u00e9 est plus longue, nous proc\u00e9dons \u00e0 un traitement appropri\u00e9.<\/p>\n<div>\u00a0<\/div>\n<h3><strong>Cookies<\/strong><\/h3>\n<p>Ce site web contient des cookies, qui peuvent \u00eatre utilis\u00e9s pour analyser des informations. Les cookies permettent d'analyser le contenu du site web et d'en g\u00e9rer le contenu. Les cookies peuvent \u00eatre utilis\u00e9s \u00e0 la fin d'une session de navigation et peuvent \u00eatre utilis\u00e9s de mani\u00e8re diff\u00e9rente. Si vous ne disposez pas de ces informations, vous pouvez utiliser votre navigateur pour supprimer les cookies.<\/p>\n<p>Une discussion g\u00e9n\u00e9reuse sur les cookies de marketing en ligne peut \u00eatre trouv\u00e9e ci-dessous. <span tabindex=\"0\" role=\"button\" data-url=\"https:\/\/www.aboutads.info\/choices\" aria-label=\"www.aboutads.info\/choices, ce qui vous am\u00e8nera \u00e0 www.aboutads.info\">www.aboutads.info\/choices <\/span> oder <span tabindex=\"0\" role=\"button\" data-url=\"https:\/\/www.youronlinechoices.com\" aria-label=\"www.youronlinechoices.com, ce qui vous am\u00e8nera \u00e0 www.youronlinechoices.com\">www.youronlinechoices.com <\/span> erkl\u00e4rt werden. L'utilisation de cookies peut \u00e9galement \u00eatre autoris\u00e9e par des navigateurs sp\u00e9cifiques ; toutefois, il se peut qu'il ne soit pas possible de modifier la fonctionnalit\u00e9 du site web.<\/p>\n<div>\u00a0<\/div>\n<h3><strong>SSL-\/TLS-Verschl\u00fcsselung<\/strong><\/h3>\n<p>Ce site web a un SSL-\/TLS-Verschl\u00fcsselung avec une licence verticale. Dans ce cas, vous verrez appara\u00eetre \"https:\/\/\" et le symbole du ch\u00e2teau dans le navigateur. Lorsque la conversion est activ\u00e9e, les donn\u00e9es transmises ne peuvent pas \u00eatre trait\u00e9es par des tiers.<\/p>\n<div>\u00a0<\/div>\n<h3><strong>Fichiers de journalisation du serveur<\/strong><\/h3>\n<p>Le fournisseur de ce site Web re\u00e7oit automatiquement des informations telles que le type de navigateur, le syst\u00e8me d'exploitation, l'URL de r\u00e9f\u00e9rence, le nom d'h\u00f4te de l'utilisateur concern\u00e9 et l'heure du changement de serveur. Ces donn\u00e9es ne sont pas attribu\u00e9es \u00e0 des individus et ne seront pas utilis\u00e9es avec d'autres donn\u00e9es. Il s'agit d'une d\u00e9claration d'intention qui n'est pas valable si des \u00e9l\u00e9ments d'information confidentiels sont utilis\u00e9s pour une utilisation conforme \u00e0 l'usage pr\u00e9vu.<\/p>\n<div>\u00a0<\/div>\n<h3><strong>Formulaire de contact<\/strong><\/h3>\n<p>Si vous nous envoyez une Kontaktformular Anfragen, vous pourrez utiliser ces informations pour votre travail et pour vos recherches. Cette lettre d'information ne contient aucune information.<\/p>\n<div>\u00a0<\/div>\n<h3><strong>Donn\u00e9es de la lettre d'information<\/strong><\/h3>\n<p>Pour la lettre d'information, veuillez nous envoyer votre adresse e-mail et une adresse pour la lettre d'information. Les dates vous seront envoy\u00e9es \u00e0 l'avance et non \u00e0 l'avance. La demande peut \u00eatre modifi\u00e9e \u00e0 tout moment par le biais du lien \"Austragen\".<\/p>\n<div>\u00a0<\/div>\n<h3><strong>Commentaires<\/strong><\/h3>\n<p>Dans le cadre de la section des commentaires, nous aimerions que vous connaissiez le commentaire, l'adresse, l'adresse \u00e9lectronique, etc. L'adresse IP sera g\u00e9n\u00e9ralement utilis\u00e9e, ainsi que toute autre information.<\/p>\n<p>Veuillez nous faire part de vos commentaires et nous envoyer un e-mail de v\u0153ux. L'annulation peut d\u00e9sormais se faire par le biais d'un lien.<\/p>\n<div>\u00a0<\/div>\n<h3><strong>Droit \u00e0 l'emploi, \u00e0 la formation, \u00e0 la s\u00e9curit\u00e9<\/strong><\/h3>\n<p>Vous avez le droit d'acc\u00e9der sans interruption \u00e0 votre travail personnalis\u00e9 et \u00e0 l'h\u00e9ritage, \u00e0 l'emploi et \u00e0 l'environnement de travail. Cela signifie que vous avez droit \u00e0 une Berichtigung, Sperrung ou L\u00f6schung.<\/p>\n<div>\u00a0<\/div>\n<h3><strong>Co\u00fbts de location de services<\/strong><\/h3>\n<p>Pour satisfaire \u00e0 ces exigences, les dates suivantes seront utilis\u00e9es : Zahlungsangaben erhoben et bis zum Ablauf gesetzlicher Aufbewahrungsfristen gespeichert.<\/p>\n<div>\u00a0<\/div>\n<h3><strong>Google AdWords<\/strong><\/h3>\n<p>Ce site Web est dot\u00e9 d'un syst\u00e8me de suivi des conversions de Google. Si vous avez une page Google sur votre site web, un cookie sera g\u00e9n\u00e9r\u00e9, qui sera ouvert dans les 30 jours et n'aura pas d'identit\u00e9 personnelle. Les cookies de conversion permettent de cr\u00e9er des statistiques anonymes. Si vous ne souhaitez pas suivre vos donn\u00e9es, vous pouvez bloquer les cookies.<\/p>\n<div>\u00a0<\/div>\n<h3><strong>Facebook, Twitter, Instagram, YouTube<\/strong><\/h3>\n<p>Ce site web comprend des plugins pour le grand public. Lors d'une visite, les donn\u00e9es sont transmises aux autres utilisateurs et sont utilis\u00e9es \u00e0 des fins d'information. Ihrem Konto zugeordnet. Vous trouverez toutes les informations dans les catalogues de bijoux.<\/p>\n<div>\u00a0<\/div>\n<h3><strong>D\u00e9veloppement de l'offre dans les boutiques en ligne<\/strong><\/h3>\n<p>Nous travaillons avec DSG et DSGVO pour la mise en \u0153uvre de Bestellungen, Zahlungen, Auslieferungen et Kundenservice. Les utilisateurs peuvent disposer d'un compte ; les donn\u00e9es sont collect\u00e9es et g\u00e9r\u00e9es conform\u00e9ment aux dispositions l\u00e9gales.<\/p>\n<div>\u00a0<\/div>\n<h3><strong>Urheberrechte<\/strong><\/h3>\n<p>Tous les \u00e9l\u00e9ments du site Web ne respectent pas le droit d'auteur. Un r\u00e9sum\u00e9 ou une schriftliche Zustimmung n'est pas compris.<\/p>\n<div>\u00a0<\/div>\n<h3><strong>Haftungsausschluss<\/strong><\/h3>\n<p>Nous vous fournirons des informations correctes et d\u00e9taill\u00e9es, ainsi qu'une garantie pour vos revenus. Les frais d'acquisition sont \u00e0 la charge de l'utilisateur, mais aucun frais d'acquisition n'est \u00e0 la charge de l'utilisateur. Les liens externes sont obligatoires pour leur propri\u00e9taire.<\/p>\n<div>\u00a0<\/div>\n<h3><strong>\u00c4nderungen<\/strong><\/h3>\n<p>Nous pouvons transmettre ces donn\u00e9es pendant longtemps. Il s'agit de la seule version actuelle sur le site web.<\/p>\n<div>\u00a0<\/div>\n<h3><strong>Questions sur les offices de protection des donn\u00e9es<\/strong><\/h3>\n<p>Si vous avez des questions, veuillez vous adresser \u00e0 la personne comp\u00e9tente en la mati\u00e8re.<\/p>\n<div>\u00a0<\/div>\n<p><strong>Einigen, janvier 2026<\/strong> Quelle : SwissAnwalt<\/p>\t\t\t\t\t\t\t\t<\/div>\n\t\t\t\t<\/div>\n\t\t\t\t\t<\/div>\n\t\t<\/div>\n\t\t\t\t\t<\/div>\n\t\t<\/section>\n\t\t\t\t<\/div>","protected":false},"excerpt":{"rendered":"<p>Datenschutzerkl\u00e4rung Verantwortliche Stelle im Sinne der Datenschutzgesetze, insbesondere der EU\u2011Datenschutzgrundverordnung (DSGVO), ist: Eva Spiess Inject, Marcel Spiess, Weekendweg 30e, 3646 Einigen. E\u2011Mail: evainject@bluewin.ch Website: www.evasinjectmachine.com \u00a0 Allgemeiner Hinweis Gest\u00fctzt auf Artikel 13 der schweizerischen Bundesverfassung und die datenschutzrechtlichen Bestimmungen des Bundes (Datenschutzgesetz, DSG) hat jede Person Anspruch auf Schutz ihrer Privatsph\u00e4re sowie auf Schutz vor [&hellip;]<\/p>","protected":false},"author":1445,"featured_media":0,"parent":0,"menu_order":0,"comment_status":"closed","ping_status":"closed","template":"elementor_header_footer","meta":{"_acf_changed":false,"_uag_custom_page_level_css":"","site-sidebar-layout":"default","site-content-layout":"","ast-site-content-layout":"default","site-content-style":"default","site-sidebar-style":"default","ast-global-header-display":"","ast-banner-title-visibility":"","ast-main-header-display":"","ast-hfb-above-header-display":"","ast-hfb-below-header-display":"","ast-hfb-mobile-header-display":"","site-post-title":"","ast-breadcrumbs-content":"","ast-featured-img":"","footer-sml-layout":"","ast-disable-related-posts":"","theme-transparent-header-meta":"","adv-header-id-meta":"","stick-header-meta":"","header-above-stick-meta":"","header-main-stick-meta":"","header-below-stick-meta":"","astra-migrate-meta-layouts":"default","ast-page-background-enabled":"default","ast-page-background-meta":{"desktop":{"background-color":"var(--ast-global-color-4)","background-image":"","background-repeat":"repeat","background-position":"center center","background-size":"auto","background-attachment":"scroll","background-type":"","background-media":"","overlay-type":"","overlay-color":"","overlay-opacity":"","overlay-gradient":""},"tablet":{"background-color":"","background-image":"","background-repeat":"repeat","background-position":"center center","background-size":"auto","background-attachment":"scroll","background-type":"","background-media":"","overlay-type":"","overlay-color":"","overlay-opacity":"","overlay-gradient":""},"mobile":{"background-color":"","background-image":"","background-repeat":"repeat","background-position":"center center","background-size":"auto","background-attachment":"scroll","background-type":"","background-media":"","overlay-type":"","overlay-color":"","overlay-opacity":"","overlay-gradient":""}},"ast-content-background-meta":{"desktop":{"background-color":"var(--ast-global-color-5)","background-image":"","background-repeat":"repeat","background-position":"center center","background-size":"auto","background-attachment":"scroll","background-type":"","background-media":"","overlay-type":"","overlay-color":"","overlay-opacity":"","overlay-gradient":""},"tablet":{"background-color":"var(--ast-global-color-5)","background-image":"","background-repeat":"repeat","background-position":"center center","background-size":"auto","background-attachment":"scroll","background-type":"","background-media":"","overlay-type":"","overlay-color":"","overlay-opacity":"","overlay-gradient":""},"mobile":{"background-color":"var(--ast-global-color-5)","background-image":"","background-repeat":"repeat","background-position":"center center","background-size":"auto","background-attachment":"scroll","background-type":"","background-media":"","overlay-type":"","overlay-color":"","overlay-opacity":"","overlay-gradient":""}},"footnotes":""},"class_list":["post-2060","page","type-page","status-publish","hentry"],"acf":[],"uagb_featured_image_src":{"full":false,"thumbnail":false,"medium":false,"medium_large":false,"large":false,"1536x1536":false,"2048x2048":false,"trp-custom-language-flag":false,"ld-medium":false,"woocommerce_thumbnail":false,"woocommerce_single":false,"woocommerce_gallery_thumbnail":false},"uagb_author_info":{"display_name":"Rafael Dumas","author_link":"https:\/\/evasinjectmachine.com\/fr\/author\/rafaadmin\/"},"uagb_comment_info":0,"uagb_excerpt":"Datenschutzerkl\u00e4rung Verantwortliche Stelle im Sinne der Datenschutzgesetze, insbesondere der EU\u2011Datenschutzgrundverordnung (DSGVO), ist: Eva Spiess Inject, Marcel Spiess, Weekendweg 30e, 3646 Einigen. E\u2011Mail: evainject@bluewin.ch Website: www.evasinjectmachine.com \u00a0 Allgemeiner Hinweis Gest\u00fctzt auf Artikel 13 der schweizerischen Bundesverfassung und die datenschutzrechtlichen Bestimmungen des Bundes (Datenschutzgesetz, DSG) hat jede Person Anspruch auf Schutz ihrer Privatsph\u00e4re sowie auf Schutz vor\u2026","jetpack_sharing_enabled":true,"_links":{"self":[{"href":"https:\/\/evasinjectmachine.com\/fr\/wp-json\/wp\/v2\/pages\/2060","targetHints":{"allow":["GET"]}}],"collection":[{"href":"https:\/\/evasinjectmachine.com\/fr\/wp-json\/wp\/v2\/pages"}],"about":[{"href":"https:\/\/evasinjectmachine.com\/fr\/wp-json\/wp\/v2\/types\/page"}],"author":[{"embeddable":true,"href":"https:\/\/evasinjectmachine.com\/fr\/wp-json\/wp\/v2\/users\/1445"}],"replies":[{"embeddable":true,"href":"https:\/\/evasinjectmachine.com\/fr\/wp-json\/wp\/v2\/comments?post=2060"}],"version-history":[{"count":6,"href":"https:\/\/evasinjectmachine.com\/fr\/wp-json\/wp\/v2\/pages\/2060\/revisions"}],"predecessor-version":[{"id":32625,"href":"https:\/\/evasinjectmachine.com\/fr\/wp-json\/wp\/v2\/pages\/2060\/revisions\/32625"}],"wp:attachment":[{"href":"https:\/\/evasinjectmachine.com\/fr\/wp-json\/wp\/v2\/media?parent=2060"}],"curies":[{"name":"wp","href":"https:\/\/api.w.org\/{rel}","templated":true}]}}