{"id":30039,"date":"2021-06-11T10:04:37","date_gmt":"2021-06-11T10:04:37","guid":{"rendered":"https:\/\/store.evashair.ch\/?post_type=product&#038;p=30039"},"modified":"2021-07-15T16:49:58","modified_gmt":"2021-07-15T16:49:58","slug":"kit-4-produtos-evas-hair-pracaxi-cachos","status":"publish","type":"product","link":"https:\/\/evasinjectmachine.com\/fr\/product\/kit-4-produtos-evas-hair-pracaxi-cachos\/","title":{"rendered":"Kit avec 4 produits Eva's Hair Pracaxi - Curls | Bio | Vegan"},"content":{"rendered":"<p>Kit avec 4 produits Eva's Hair Pracaxi - Eva's Hair vous propose d'excellents produits <strong>biologique et v\u00e9g\u00e9talien<\/strong> pour prendre soin de vos belles boucles. Achetez le v\u00f4tre !<\/p>\n<ul>\n<li>Shampooing<\/li>\n<li>Conditionneur<\/li>\n<li>Hydratation<\/li>\n<li>Et choisissez le Leave-in <strong>ou\u00a0<\/strong>Activateur de boucles\u00a0<strong>ou <\/strong>Finisseur<\/li>\n<\/ul>","protected":false},"excerpt":{"rendered":"<p>Kit avec 4 produits Eva's Hair Pracaxi - Eva's Hair vous propose d'excellents produits <strong>biologique et v\u00e9g\u00e9talien<\/strong> pour prendre soin de vos belles boucles. Achetez le v\u00f4tre !<\/p>\n<ul>\n<li>Shampooing<\/li>\n<li>Conditionneur<\/li>\n<li>Hydratation<\/li>\n<li>Et choisissez le Leave-in <strong>ou\u00a0<\/strong>Activateur de boucles\u00a0<strong>ou <\/strong>Finisseur<\/li>\n<\/ul>","protected":false},"featured_media":30040,"template":"","meta":{"_acf_changed":false,"_uag_custom_page_level_css":"","site-sidebar-layout":"default","site-content-layout":"default","ast-site-content-layout":"default","site-content-style":"default","site-sidebar-style":"default","ast-global-header-display":"","ast-banner-title-visibility":"","ast-main-header-display":"","ast-hfb-above-header-display":"","ast-hfb-below-header-display":"","ast-hfb-mobile-header-display":"","site-post-title":"","ast-breadcrumbs-content":"","ast-featured-img":"","footer-sml-layout":"","ast-disable-related-posts":"","theme-transparent-header-meta":"default","adv-header-id-meta":"","stick-header-meta":"","header-above-stick-meta":"","header-main-stick-meta":"","header-below-stick-meta":"","astra-migrate-meta-layouts":"default","ast-page-background-enabled":"default","ast-page-background-meta":{"desktop":{"background-color":"var(--ast-global-color-4)","background-image":"","background-repeat":"repeat","background-position":"center center","background-size":"auto","background-attachment":"scroll","background-type":"","background-media":"","overlay-type":"","overlay-color":"","overlay-opacity":"","overlay-gradient":""},"tablet":{"background-color":"","background-image":"","background-repeat":"repeat","background-position":"center center","background-size":"auto","background-attachment":"scroll","background-type":"","background-media":"","overlay-type":"","overlay-color":"","overlay-opacity":"","overlay-gradient":""},"mobile":{"background-color":"","background-image":"","background-repeat":"repeat","background-position":"center center","background-size":"auto","background-attachment":"scroll","background-type":"","background-media":"","overlay-type":"","overlay-color":"","overlay-opacity":"","overlay-gradient":""}},"ast-content-background-meta":{"desktop":{"background-color":"var(--ast-global-color-5)","background-image":"","background-repeat":"repeat","background-position":"center center","background-size":"auto","background-attachment":"scroll","background-type":"","background-media":"","overlay-type":"","overlay-color":"","overlay-opacity":"","overlay-gradient":""},"tablet":{"background-color":"var(--ast-global-color-5)","background-image":"","background-repeat":"repeat","background-position":"center center","background-size":"auto","background-attachment":"scroll","background-type":"","background-media":"","overlay-type":"","overlay-color":"","overlay-opacity":"","overlay-gradient":""},"mobile":{"background-color":"var(--ast-global-color-5)","background-image":"","background-repeat":"repeat","background-position":"center center","background-size":"auto","background-attachment":"scroll","background-type":"","background-media":"","overlay-type":"","overlay-color":"","overlay-opacity":"","overlay-gradient":""}}},"product_brand":[],"product_cat":[15],"product_tag":[],"class_list":{"0":"post-30039","1":"product","2":"type-product","3":"status-publish","4":"has-post-thumbnail","6":"product_cat-uncategorized","7":"desktop-align-left","8":"tablet-align-left","9":"mobile-align-left","11":"first","12":"instock","13":"sale","14":"shipping-taxable","15":"purchasable","16":"product-type-variable","17":"has-default-attributes"},"acf":[],"uagb_featured_image_src":{"full":["https:\/\/evasinjectmachine.com\/wp-content\/uploads\/2021\/06\/Linha-completa-pracaxi.jpeg",1280,720,false],"thumbnail":["https:\/\/evasinjectmachine.com\/wp-content\/uploads\/2021\/06\/Linha-completa-pracaxi-150x150.jpeg",150,150,true],"medium":["https:\/\/evasinjectmachine.com\/wp-content\/uploads\/2021\/06\/Linha-completa-pracaxi-300x169.jpeg",300,169,true],"medium_large":["https:\/\/evasinjectmachine.com\/wp-content\/uploads\/2021\/06\/Linha-completa-pracaxi-768x432.jpeg",768,432,true],"large":["https:\/\/evasinjectmachine.com\/wp-content\/uploads\/2021\/06\/Linha-completa-pracaxi-1024x576.jpeg",1024,576,true],"1536x1536":["https:\/\/evasinjectmachine.com\/wp-content\/uploads\/2021\/06\/Linha-completa-pracaxi.jpeg",1280,720,false],"2048x2048":["https:\/\/evasinjectmachine.com\/wp-content\/uploads\/2021\/06\/Linha-completa-pracaxi.jpeg",1280,720,false],"trp-custom-language-flag":["https:\/\/evasinjectmachine.com\/wp-content\/uploads\/2021\/06\/Linha-completa-pracaxi-16x9.jpeg",16,9,true],"ld-medium":["https:\/\/evasinjectmachine.com\/wp-content\/uploads\/2021\/06\/Linha-completa-pracaxi.jpeg",320,180,false],"woocommerce_thumbnail":["https:\/\/evasinjectmachine.com\/wp-content\/uploads\/2021\/06\/Linha-completa-pracaxi-300x300.jpeg",300,300,true],"woocommerce_single":["https:\/\/evasinjectmachine.com\/wp-content\/uploads\/2021\/06\/Linha-completa-pracaxi-600x338.jpeg",600,338,true],"woocommerce_gallery_thumbnail":["https:\/\/evasinjectmachine.com\/wp-content\/uploads\/2021\/06\/Linha-completa-pracaxi-100x100.jpeg",100,100,true]},"uagb_author_info":{"display_name":"Rafael Dumas","author_link":"https:\/\/evasinjectmachine.com\/fr\/author\/"},"uagb_comment_info":0,"uagb_excerpt":"Kit com 4 Produtos Eva's Hair Pracaxi - Eva's Hair leva at\u00e9 voc\u00ea excelentes produtos org\u00e2nicos e veganos para cuidados com seus lindos cachos. Compre os seus! Shampoo Condicionador Hidrata\u00e7\u00e3o E escolha Leave-in ou\u00a0Ativador de cachos\u00a0ou Finalizador","jetpack_sharing_enabled":true,"_links":{"self":[{"href":"https:\/\/evasinjectmachine.com\/fr\/wp-json\/wp\/v2\/product\/30039","targetHints":{"allow":["GET"]}}],"collection":[{"href":"https:\/\/evasinjectmachine.com\/fr\/wp-json\/wp\/v2\/product"}],"about":[{"href":"https:\/\/evasinjectmachine.com\/fr\/wp-json\/wp\/v2\/types\/product"}],"wp:featuredmedia":[{"embeddable":true,"href":"https:\/\/evasinjectmachine.com\/fr\/wp-json\/wp\/v2\/media\/30040"}],"wp:attachment":[{"href":"https:\/\/evasinjectmachine.com\/fr\/wp-json\/wp\/v2\/media?parent=30039"}],"wp:term":[{"taxonomy":"product_brand","embeddable":true,"href":"https:\/\/evasinjectmachine.com\/fr\/wp-json\/wp\/v2\/product_brand?post=30039"},{"taxonomy":"product_cat","embeddable":true,"href":"https:\/\/evasinjectmachine.com\/fr\/wp-json\/wp\/v2\/product_cat?post=30039"},{"taxonomy":"product_tag","embeddable":true,"href":"https:\/\/evasinjectmachine.com\/fr\/wp-json\/wp\/v2\/product_tag?post=30039"}],"curies":[{"name":"wp","href":"https:\/\/api.w.org\/{rel}","templated":true}]}}