{"id":30252,"date":"2021-07-06T02:37:53","date_gmt":"2021-07-06T02:37:53","guid":{"rendered":"https:\/\/store.evashair.ch\/?post_type=product&#038;p=30252"},"modified":"2021-07-06T02:48:06","modified_gmt":"2021-07-06T02:48:06","slug":"milagre","status":"publish","type":"product","link":"https:\/\/evasinjectmachine.com\/fr\/product\/milagre\/","title":{"rendered":"Miracle - Finalisateur de boucles | Boucles"},"content":{"rendered":"<p>Miracle - Curl Finisher - Eva's Hair vous propose d'excellents produits biologiques et v\u00e9g\u00e9taliens pour prendre soin de vos belles boucles. Achetez le v\u00f4tre !<\/p>","protected":false},"excerpt":{"rendered":"<p>Miracle - Curl Finisher - Eva's Hair vous propose d'excellents produits biologiques et v\u00e9g\u00e9taliens pour prendre soin de vos belles boucles. Achetez le v\u00f4tre !<\/p>\n<p>*Le prix est la valeur d'un pot. L'image n'est qu'illustrative.<\/p>\n<p>&nbsp;<\/p>","protected":false},"featured_media":30253,"template":"","meta":{"_acf_changed":false,"_uag_custom_page_level_css":"","site-sidebar-layout":"default","site-content-layout":"default","ast-site-content-layout":"default","site-content-style":"default","site-sidebar-style":"default","ast-global-header-display":"","ast-banner-title-visibility":"","ast-main-header-display":"","ast-hfb-above-header-display":"","ast-hfb-below-header-display":"","ast-hfb-mobile-header-display":"","site-post-title":"","ast-breadcrumbs-content":"","ast-featured-img":"","footer-sml-layout":"","ast-disable-related-posts":"","theme-transparent-header-meta":"default","adv-header-id-meta":"","stick-header-meta":"","header-above-stick-meta":"","header-main-stick-meta":"","header-below-stick-meta":"","astra-migrate-meta-layouts":"default","ast-page-background-enabled":"default","ast-page-background-meta":{"desktop":{"background-color":"var(--ast-global-color-4)","background-image":"","background-repeat":"repeat","background-position":"center center","background-size":"auto","background-attachment":"scroll","background-type":"","background-media":"","overlay-type":"","overlay-color":"","overlay-opacity":"","overlay-gradient":""},"tablet":{"background-color":"","background-image":"","background-repeat":"repeat","background-position":"center center","background-size":"auto","background-attachment":"scroll","background-type":"","background-media":"","overlay-type":"","overlay-color":"","overlay-opacity":"","overlay-gradient":""},"mobile":{"background-color":"","background-image":"","background-repeat":"repeat","background-position":"center center","background-size":"auto","background-attachment":"scroll","background-type":"","background-media":"","overlay-type":"","overlay-color":"","overlay-opacity":"","overlay-gradient":""}},"ast-content-background-meta":{"desktop":{"background-color":"var(--ast-global-color-5)","background-image":"","background-repeat":"repeat","background-position":"center center","background-size":"auto","background-attachment":"scroll","background-type":"","background-media":"","overlay-type":"","overlay-color":"","overlay-opacity":"","overlay-gradient":""},"tablet":{"background-color":"var(--ast-global-color-5)","background-image":"","background-repeat":"repeat","background-position":"center center","background-size":"auto","background-attachment":"scroll","background-type":"","background-media":"","overlay-type":"","overlay-color":"","overlay-opacity":"","overlay-gradient":""},"mobile":{"background-color":"var(--ast-global-color-5)","background-image":"","background-repeat":"repeat","background-position":"center center","background-size":"auto","background-attachment":"scroll","background-type":"","background-media":"","overlay-type":"","overlay-color":"","overlay-opacity":"","overlay-gradient":""}}},"product_brand":[],"product_cat":[15],"product_tag":[],"class_list":{"0":"post-30252","1":"product","2":"type-product","3":"status-publish","4":"has-post-thumbnail","6":"product_cat-uncategorized","7":"desktop-align-left","8":"tablet-align-left","9":"mobile-align-left","11":"first","12":"instock","13":"shipping-taxable","14":"purchasable","15":"product-type-simple"},"acf":[],"uagb_featured_image_src":{"full":["https:\/\/evasinjectmachine.com\/wp-content\/uploads\/2021\/07\/milagre01.jpg",600,600,false],"thumbnail":["https:\/\/evasinjectmachine.com\/wp-content\/uploads\/2021\/07\/milagre01-150x150.jpg",150,150,true],"medium":["https:\/\/evasinjectmachine.com\/wp-content\/uploads\/2021\/07\/milagre01-300x300.jpg",300,300,true],"medium_large":["https:\/\/evasinjectmachine.com\/wp-content\/uploads\/2021\/07\/milagre01.jpg",600,600,false],"large":["https:\/\/evasinjectmachine.com\/wp-content\/uploads\/2021\/07\/milagre01.jpg",600,600,false],"1536x1536":["https:\/\/evasinjectmachine.com\/wp-content\/uploads\/2021\/07\/milagre01.jpg",600,600,false],"2048x2048":["https:\/\/evasinjectmachine.com\/wp-content\/uploads\/2021\/07\/milagre01.jpg",600,600,false],"trp-custom-language-flag":["https:\/\/evasinjectmachine.com\/wp-content\/uploads\/2021\/07\/milagre01-12x12.jpg",12,12,true],"ld-medium":["https:\/\/evasinjectmachine.com\/wp-content\/uploads\/2021\/07\/milagre01.jpg",320,320,false],"woocommerce_thumbnail":["https:\/\/evasinjectmachine.com\/wp-content\/uploads\/2021\/07\/milagre01-300x300.jpg",300,300,true],"woocommerce_single":["https:\/\/evasinjectmachine.com\/wp-content\/uploads\/2021\/07\/milagre01.jpg",600,600,false],"woocommerce_gallery_thumbnail":["https:\/\/evasinjectmachine.com\/wp-content\/uploads\/2021\/07\/milagre01-100x100.jpg",100,100,true]},"uagb_author_info":{"display_name":"Rafael Dumas","author_link":"https:\/\/evasinjectmachine.com\/fr\/author\/"},"uagb_comment_info":0,"uagb_excerpt":"Milagre - Finalizador de Cachos - Eva's Hair leva at\u00e9 voc\u00ea excelentes produtos org\u00e2nicos e veganos para cuidados com seus lindos cachos. Compre os seus! *O pre\u00e7o \u00e9 o valor de 1 pote. A imagem \u00e9 apenas ilustrativa. &nbsp;","jetpack_sharing_enabled":true,"_links":{"self":[{"href":"https:\/\/evasinjectmachine.com\/fr\/wp-json\/wp\/v2\/product\/30252","targetHints":{"allow":["GET"]}}],"collection":[{"href":"https:\/\/evasinjectmachine.com\/fr\/wp-json\/wp\/v2\/product"}],"about":[{"href":"https:\/\/evasinjectmachine.com\/fr\/wp-json\/wp\/v2\/types\/product"}],"wp:featuredmedia":[{"embeddable":true,"href":"https:\/\/evasinjectmachine.com\/fr\/wp-json\/wp\/v2\/media\/30253"}],"wp:attachment":[{"href":"https:\/\/evasinjectmachine.com\/fr\/wp-json\/wp\/v2\/media?parent=30252"}],"wp:term":[{"taxonomy":"product_brand","embeddable":true,"href":"https:\/\/evasinjectmachine.com\/fr\/wp-json\/wp\/v2\/product_brand?post=30252"},{"taxonomy":"product_cat","embeddable":true,"href":"https:\/\/evasinjectmachine.com\/fr\/wp-json\/wp\/v2\/product_cat?post=30252"},{"taxonomy":"product_tag","embeddable":true,"href":"https:\/\/evasinjectmachine.com\/fr\/wp-json\/wp\/v2\/product_tag?post=30252"}],"curies":[{"name":"wp","href":"https:\/\/api.w.org\/{rel}","templated":true}]}}