{"id":32336,"date":"2024-07-18T08:38:15","date_gmt":"2024-07-18T08:38:15","guid":{"rendered":"https:\/\/evasinjectmachine.com\/?post_type=product&#038;p=32336"},"modified":"2024-07-18T08:51:48","modified_gmt":"2024-07-18T08:51:48","slug":"fita-invisivel-injetada","status":"publish","type":"product","link":"https:\/\/evasinjectmachine.com\/fr\/product\/fita-invisivel-injetada\/","title":{"rendered":"Gabarit pour la fabrication d'une bande invisible inject\u00e9e"},"content":{"rendered":"","protected":false},"excerpt":{"rendered":"<p>Notre gabarit Eva a \u00e9t\u00e9 cr\u00e9\u00e9 pour faciliter la r\u00e9alisation de rubans inject\u00e9s invisibles et doublement invisibles. Avec notre gabarit, vous aurez plus de pr\u00e9cision lors de l'injection des fils, ce qui rendra votre travail plus professionnel. M\u00eame pour les d\u00e9butants.<br \/>\nUn outil indispensable pour ceux qui suivent le cours sur les bandes d'injection invisibles.<\/p>","protected":false},"featured_media":32338,"template":"","meta":{"_acf_changed":false,"_uag_custom_page_level_css":"","site-sidebar-layout":"default","site-content-layout":null,"ast-site-content-layout":"default","site-content-style":"default","site-sidebar-style":"default","ast-global-header-display":"","ast-banner-title-visibility":"","ast-main-header-display":"","ast-hfb-above-header-display":null,"ast-hfb-below-header-display":null,"ast-hfb-mobile-header-display":null,"site-post-title":"","ast-breadcrumbs-content":null,"ast-featured-img":"","footer-sml-layout":"","ast-disable-related-posts":"","theme-transparent-header-meta":"default","adv-header-id-meta":null,"stick-header-meta":null,"header-above-stick-meta":null,"header-main-stick-meta":null,"header-below-stick-meta":null,"astra-migrate-meta-layouts":"set","ast-page-background-enabled":"default","ast-page-background-meta":{"desktop":{"background-color":"var(--ast-global-color-4)","background-image":"","background-repeat":"repeat","background-position":"center center","background-size":"auto","background-attachment":"scroll","background-type":"","background-media":"","overlay-type":"","overlay-color":"","overlay-opacity":"","overlay-gradient":""},"tablet":{"background-color":"","background-image":"","background-repeat":"repeat","background-position":"center center","background-size":"auto","background-attachment":"scroll","background-type":"","background-media":"","overlay-type":"","overlay-color":"","overlay-opacity":"","overlay-gradient":""},"mobile":{"background-color":"","background-image":"","background-repeat":"repeat","background-position":"center center","background-size":"auto","background-attachment":"scroll","background-type":"","background-media":"","overlay-type":"","overlay-color":"","overlay-opacity":"","overlay-gradient":""}},"ast-content-background-meta":{"desktop":{"background-color":"var(--ast-global-color-5)","background-image":"","background-repeat":"repeat","background-position":"center center","background-size":"auto","background-attachment":"scroll","background-type":"","background-media":"","overlay-type":"","overlay-color":"","overlay-opacity":"","overlay-gradient":""},"tablet":{"background-color":"var(--ast-global-color-5)","background-image":"","background-repeat":"repeat","background-position":"center center","background-size":"auto","background-attachment":"scroll","background-type":"","background-media":"","overlay-type":"","overlay-color":"","overlay-opacity":"","overlay-gradient":""},"mobile":{"background-color":"var(--ast-global-color-5)","background-image":"","background-repeat":"repeat","background-position":"center center","background-size":"auto","background-attachment":"scroll","background-type":"","background-media":"","overlay-type":"","overlay-color":"","overlay-opacity":"","overlay-gradient":""}}},"product_brand":[],"product_cat":[931],"product_tag":[],"class_list":{"0":"post-32336","1":"product","2":"type-product","3":"status-publish","4":"has-post-thumbnail","6":"product_cat-maquinas-materiais","7":"desktop-align-left","8":"tablet-align-left","9":"mobile-align-left","11":"first","12":"instock","13":"shipping-taxable","14":"purchasable","15":"product-type-simple"},"acf":[],"uagb_featured_image_src":{"full":["https:\/\/evasinjectmachine.com\/wp-content\/uploads\/2024\/07\/IMG_7736.jpg",600,450,false],"thumbnail":["https:\/\/evasinjectmachine.com\/wp-content\/uploads\/2024\/07\/IMG_7736-150x150.jpg",150,150,true],"medium":["https:\/\/evasinjectmachine.com\/wp-content\/uploads\/2024\/07\/IMG_7736-300x225.jpg",300,225,true],"medium_large":["https:\/\/evasinjectmachine.com\/wp-content\/uploads\/2024\/07\/IMG_7736.jpg",600,450,false],"large":["https:\/\/evasinjectmachine.com\/wp-content\/uploads\/2024\/07\/IMG_7736.jpg",600,450,false],"1536x1536":["https:\/\/evasinjectmachine.com\/wp-content\/uploads\/2024\/07\/IMG_7736.jpg",600,450,false],"2048x2048":["https:\/\/evasinjectmachine.com\/wp-content\/uploads\/2024\/07\/IMG_7736.jpg",600,450,false],"trp-custom-language-flag":["https:\/\/evasinjectmachine.com\/wp-content\/uploads\/2024\/07\/IMG_7736-16x12.jpg",16,12,true],"ld-medium":["https:\/\/evasinjectmachine.com\/wp-content\/uploads\/2024\/07\/IMG_7736-320x320.jpg",320,320,true],"woocommerce_thumbnail":["https:\/\/evasinjectmachine.com\/wp-content\/uploads\/2024\/07\/IMG_7736-300x300.jpg",300,300,true],"woocommerce_single":["https:\/\/evasinjectmachine.com\/wp-content\/uploads\/2024\/07\/IMG_7736.jpg",600,450,false],"woocommerce_gallery_thumbnail":["https:\/\/evasinjectmachine.com\/wp-content\/uploads\/2024\/07\/IMG_7736-100x100.jpg",100,100,true]},"uagb_author_info":{"display_name":"Rafael Dumas","author_link":"https:\/\/evasinjectmachine.com\/fr\/author\/"},"uagb_comment_info":0,"uagb_excerpt":"O nosso gabarito Eva's foi criado para facilitar a fabrica\u00e7\u00e3o de fitas invis\u00edveis injetada e invis\u00edvel dupla com o nosso gabarito voc\u00ea ter\u00e1 mais precis\u00e3o na hora de injetar os fios ficando assim um trabalho mais profissional. Mesmo para quem \u00e9 iniciante. Uma pe\u00e7a indispens\u00e1vel para voc\u00ea que est\u00e1 fazendo curso da fita Invis\u00edvel injetada.","jetpack_sharing_enabled":true,"_links":{"self":[{"href":"https:\/\/evasinjectmachine.com\/fr\/wp-json\/wp\/v2\/product\/32336","targetHints":{"allow":["GET"]}}],"collection":[{"href":"https:\/\/evasinjectmachine.com\/fr\/wp-json\/wp\/v2\/product"}],"about":[{"href":"https:\/\/evasinjectmachine.com\/fr\/wp-json\/wp\/v2\/types\/product"}],"wp:featuredmedia":[{"embeddable":true,"href":"https:\/\/evasinjectmachine.com\/fr\/wp-json\/wp\/v2\/media\/32338"}],"wp:attachment":[{"href":"https:\/\/evasinjectmachine.com\/fr\/wp-json\/wp\/v2\/media?parent=32336"}],"wp:term":[{"taxonomy":"product_brand","embeddable":true,"href":"https:\/\/evasinjectmachine.com\/fr\/wp-json\/wp\/v2\/product_brand?post=32336"},{"taxonomy":"product_cat","embeddable":true,"href":"https:\/\/evasinjectmachine.com\/fr\/wp-json\/wp\/v2\/product_cat?post=32336"},{"taxonomy":"product_tag","embeddable":true,"href":"https:\/\/evasinjectmachine.com\/fr\/wp-json\/wp\/v2\/product_tag?post=32336"}],"curies":[{"name":"wp","href":"https:\/\/api.w.org\/{rel}","templated":true}]}}