{"id":32344,"date":"2024-07-18T08:48:27","date_gmt":"2024-07-18T08:48:27","guid":{"rendered":"https:\/\/evasinjectmachine.com\/?post_type=product&#038;p=32344"},"modified":"2024-12-06T02:29:41","modified_gmt":"2024-12-06T02:29:41","slug":"cabeca-para-treinos","status":"publish","type":"product","link":"https:\/\/evasinjectmachine.com\/fr\/product\/cabeca-para-treinos\/","title":{"rendered":"Responsable de la formation"},"content":{"rendered":"","protected":false},"excerpt":{"rendered":"<p>Cette t\u00eate convient aux personnes qui suivent des cours de coiffure ou m\u00eame d'extension de cheveux.<\/p>\n<p>Il est livr\u00e9 avec le support et les poils sont g\u00e9n\u00e9ralement 40 % synth\u00e9tiques et 60 % naturels.<\/p>","protected":false},"featured_media":32473,"template":"","meta":{"_acf_changed":false,"_uag_custom_page_level_css":"","site-sidebar-layout":"default","site-content-layout":"","ast-site-content-layout":"default","site-content-style":"default","site-sidebar-style":"default","ast-global-header-display":"","ast-banner-title-visibility":"","ast-main-header-display":"","ast-hfb-above-header-display":"","ast-hfb-below-header-display":"","ast-hfb-mobile-header-display":"","site-post-title":"","ast-breadcrumbs-content":"","ast-featured-img":"","footer-sml-layout":"","ast-disable-related-posts":"","theme-transparent-header-meta":"default","adv-header-id-meta":"","stick-header-meta":"","header-above-stick-meta":"","header-main-stick-meta":"","header-below-stick-meta":"","astra-migrate-meta-layouts":"set","ast-page-background-enabled":"default","ast-page-background-meta":{"desktop":{"background-color":"var(--ast-global-color-4)","background-image":"","background-repeat":"repeat","background-position":"center center","background-size":"auto","background-attachment":"scroll","background-type":"","background-media":"","overlay-type":"","overlay-color":"","overlay-opacity":"","overlay-gradient":""},"tablet":{"background-color":"","background-image":"","background-repeat":"repeat","background-position":"center center","background-size":"auto","background-attachment":"scroll","background-type":"","background-media":"","overlay-type":"","overlay-color":"","overlay-opacity":"","overlay-gradient":""},"mobile":{"background-color":"","background-image":"","background-repeat":"repeat","background-position":"center center","background-size":"auto","background-attachment":"scroll","background-type":"","background-media":"","overlay-type":"","overlay-color":"","overlay-opacity":"","overlay-gradient":""}},"ast-content-background-meta":{"desktop":{"background-color":"var(--ast-global-color-5)","background-image":"","background-repeat":"repeat","background-position":"center center","background-size":"auto","background-attachment":"scroll","background-type":"","background-media":"","overlay-type":"","overlay-color":"","overlay-opacity":"","overlay-gradient":""},"tablet":{"background-color":"var(--ast-global-color-5)","background-image":"","background-repeat":"repeat","background-position":"center center","background-size":"auto","background-attachment":"scroll","background-type":"","background-media":"","overlay-type":"","overlay-color":"","overlay-opacity":"","overlay-gradient":""},"mobile":{"background-color":"var(--ast-global-color-5)","background-image":"","background-repeat":"repeat","background-position":"center center","background-size":"auto","background-attachment":"scroll","background-type":"","background-media":"","overlay-type":"","overlay-color":"","overlay-opacity":"","overlay-gradient":""}}},"product_brand":[],"product_cat":[931],"product_tag":[],"class_list":{"0":"post-32344","1":"product","2":"type-product","3":"status-publish","4":"has-post-thumbnail","6":"product_cat-maquinas-materiais","7":"desktop-align-left","8":"tablet-align-left","9":"mobile-align-left","11":"first","12":"instock","13":"shipping-taxable","14":"purchasable","15":"product-type-simple"},"acf":[],"uagb_featured_image_src":{"full":["https:\/\/evasinjectmachine.com\/wp-content\/uploads\/2024\/07\/cabeca01.jpg",600,450,false],"thumbnail":["https:\/\/evasinjectmachine.com\/wp-content\/uploads\/2024\/07\/cabeca01-150x150.jpg",150,150,true],"medium":["https:\/\/evasinjectmachine.com\/wp-content\/uploads\/2024\/07\/cabeca01-300x225.jpg",300,225,true],"medium_large":["https:\/\/evasinjectmachine.com\/wp-content\/uploads\/2024\/07\/cabeca01.jpg",600,450,false],"large":["https:\/\/evasinjectmachine.com\/wp-content\/uploads\/2024\/07\/cabeca01.jpg",600,450,false],"1536x1536":["https:\/\/evasinjectmachine.com\/wp-content\/uploads\/2024\/07\/cabeca01.jpg",600,450,false],"2048x2048":["https:\/\/evasinjectmachine.com\/wp-content\/uploads\/2024\/07\/cabeca01.jpg",600,450,false],"trp-custom-language-flag":["https:\/\/evasinjectmachine.com\/wp-content\/uploads\/2024\/07\/cabeca01-16x12.jpg",16,12,true],"ld-medium":["https:\/\/evasinjectmachine.com\/wp-content\/uploads\/2024\/07\/cabeca01-320x320.jpg",320,320,true],"woocommerce_thumbnail":["https:\/\/evasinjectmachine.com\/wp-content\/uploads\/2024\/07\/cabeca01-300x300.jpg",300,300,true],"woocommerce_single":["https:\/\/evasinjectmachine.com\/wp-content\/uploads\/2024\/07\/cabeca01.jpg",600,450,false],"woocommerce_gallery_thumbnail":["https:\/\/evasinjectmachine.com\/wp-content\/uploads\/2024\/07\/cabeca01-100x100.jpg",100,100,true]},"uagb_author_info":{"display_name":"Rafael Dumas","author_link":"https:\/\/evasinjectmachine.com\/fr\/author\/"},"uagb_comment_info":0,"uagb_excerpt":"Essa cabe\u00e7a \u00e9 indicada para voc\u00ea que est\u00e1 fazendo cursos de cabeleireiro ou mesmo de extens\u00f5es capilar. Ela vem com o suporte e os cabelos s\u00e3o normalmente 40 % sint\u00e9tico e 60 %\u00a0\u00a0natural.","jetpack_sharing_enabled":true,"_links":{"self":[{"href":"https:\/\/evasinjectmachine.com\/fr\/wp-json\/wp\/v2\/product\/32344","targetHints":{"allow":["GET"]}}],"collection":[{"href":"https:\/\/evasinjectmachine.com\/fr\/wp-json\/wp\/v2\/product"}],"about":[{"href":"https:\/\/evasinjectmachine.com\/fr\/wp-json\/wp\/v2\/types\/product"}],"wp:featuredmedia":[{"embeddable":true,"href":"https:\/\/evasinjectmachine.com\/fr\/wp-json\/wp\/v2\/media\/32473"}],"wp:attachment":[{"href":"https:\/\/evasinjectmachine.com\/fr\/wp-json\/wp\/v2\/media?parent=32344"}],"wp:term":[{"taxonomy":"product_brand","embeddable":true,"href":"https:\/\/evasinjectmachine.com\/fr\/wp-json\/wp\/v2\/product_brand?post=32344"},{"taxonomy":"product_cat","embeddable":true,"href":"https:\/\/evasinjectmachine.com\/fr\/wp-json\/wp\/v2\/product_cat?post=32344"},{"taxonomy":"product_tag","embeddable":true,"href":"https:\/\/evasinjectmachine.com\/fr\/wp-json\/wp\/v2\/product_tag?post=32344"}],"curies":[{"name":"wp","href":"https:\/\/api.w.org\/{rel}","templated":true}]}}